{"id":1868,"date":"2025-02-27T09:24:19","date_gmt":"2025-02-27T02:24:19","guid":{"rendered":"https:\/\/swoer.vn\/?post_type=product&#038;p=1868"},"modified":"2025-02-27T10:31:03","modified_gmt":"2025-02-27T03:31:03","slug":"thiet-bi-tu-dong-kiem-tra-tam-nhin-ccd","status":"publish","type":"product","link":"https:\/\/swoer.vn\/en\/manufacturer\/thiet-bi-tu-dong-kiem-tra-tam-nhin-ccd\/","title":{"rendered":"CCD Vision Automatic Inspection Equipment | AOI Machine"},"content":{"rendered":"<section class=\"section\" id=\"section_470569720\">\n\t\t<div class=\"bg section-bg fill bg-fill  bg-loaded\" >\n\n\t\t\t\n\t\t\t\n\t\t\t\n\n\t\t<\/div>\n\n\t\t\n\n\t\t<div class=\"section-content relative\">\n\t\t\t\n<h2><strong><b>Product Introduction<\/b><\/strong><\/h2>\n<p>The turntable visual inspection machine is an automatic inspection equipment developed to target the size, appearance and other defects of various parts. After using a loading mechanism such as a vibrating plate to automatically transport the parts to the glass turntable, the visual inspection station will perform image. processing on the parts. The motion controller completes the constant speed rotation of the glass turntable, the encoder feedback of the material position and the hardware position comparison output to drive the multi-station CCD camera and the air blower to achieve fully automatic multi-dimensional shape, size and other aspects of inspection and screening. Application market The turntable visual screening machine is widely used in industrial manufacturing fields such as 3C electronics, lithium batteries, electronic components, semiconductors and hardware.<\/p>\n\t<div id=\"gap-701493353\" class=\"gap-element clearfix\" style=\"display:block; height:auto;\">\n\t\t\n<style>\n#gap-701493353 {\n  padding-top: 30px;\n}\n<\/style>\n\t<\/div>\n\t\n<h2>Advantages<\/h2>\n<ul>\n<li>Test results are stable and very consistent<\/li>\n<li>Automatically screen and classify defective products, eliminate them and improve product quality<\/li>\n<li>Visual aerial photography reduces machine CT and improves efficiency compared to static photography<\/li>\n<li>One person operating one machine can replace 2-6 manual operations and increase production productivity.<\/li>\n<li>It is possible to monitor online whether each production inspection process is performed reliably and efficiently.<\/li>\n<li>o Compared with traditional PLC + touch screen solutions, it has higher integration, better cost efficiency and better response so it is faster and more efficient<\/li>\n<\/ul>\n\t\t<\/div>\n\n\t\t\n<style>\n#section_470569720 {\n  padding-top: 30px;\n  padding-bottom: 30px;\n}\n<\/style>\n\t<\/section>\n\t\n\t<section class=\"section\" id=\"section_1460424938\">\n\t\t<div class=\"bg section-bg fill bg-fill  bg-loaded\" >\n\n\t\t\t\n\t\t\t\n\t\t\t\n\n\t\t<\/div>\n\n\t\t\n\n\t\t<div class=\"section-content relative\">\n\t\t\t\n<h2>Show different components<\/h2>\n<div class=\"row\"  id=\"row-592229139\">\n\n\t<div id=\"col-1530407756\" class=\"col medium-4 small-12 large-4\"  >\n\t\t\t\t<div class=\"col-inner\"  >\n\t\t\t\n\t\t\t\n\t<div id=\"gap-2003693304\" class=\"gap-element clearfix\" style=\"display:block; height:auto;\">\n\t\t\n<style>\n#gap-2003693304 {\n  padding-top: 30px;\n}\n<\/style>\n\t<\/div>\n\t\n<h3 style=\"text-align: center;\">Motion controller<\/h3>\n\t<div class=\"img has-hover x md-x lg-x y md-y lg-y\" id=\"image_842404555\">\n\t\t\t\t\t\t\t\t<div class=\"img-inner dark\" >\n\t\t\t<img loading=\"lazy\" decoding=\"async\" width=\"800\" height=\"512\" src=\"https:\/\/swoer.vn\/wp-content\/uploads\/2025\/02\/Bo-dieu-khien-chuyen-dong.webp\" class=\"attachment-original size-original\" alt=\"Motion controller\" srcset=\"https:\/\/swoer.vn\/wp-content\/uploads\/2025\/02\/Bo-dieu-khien-chuyen-dong.webp 800w, https:\/\/swoer.vn\/wp-content\/uploads\/2025\/02\/Bo-dieu-khien-chuyen-dong-300x192.webp 300w, https:\/\/swoer.vn\/wp-content\/uploads\/2025\/02\/Bo-dieu-khien-chuyen-dong-768x492.webp 768w, https:\/\/swoer.vn\/wp-content\/uploads\/2025\/02\/Bo-dieu-khien-chuyen-dong-18x12.webp 18w, https:\/\/swoer.vn\/wp-content\/uploads\/2025\/02\/Bo-dieu-khien-chuyen-dong-600x384.webp 600w\" sizes=\"auto, (max-width: 800px) 100vw, 800px\" title=\"\">\t\t\t\t\t\t\n\t\t\t\t\t<\/div>\n\t\t\t\t\t\t\t\t\n<style>\n#image_842404555 {\n  width: 100%;\n}\n<\/style>\n\t<\/div>\n\t\n\t\t<\/div>\n\t\t\t\t\t<\/div>\n\n\t\n\n\t<div id=\"col-1261853790\" class=\"col medium-4 small-12 large-4\"  >\n\t\t\t\t<div class=\"col-inner\"  >\n\t\t\t\n\t\t\t\n\t<div id=\"gap-849083985\" class=\"gap-element clearfix\" style=\"display:block; height:auto;\">\n\t\t\n<style>\n#gap-849083985 {\n  padding-top: 30px;\n}\n<\/style>\n\t<\/div>\n\t\n<h3 style=\"text-align: center;\">Products to be tested<\/h3>\n\t<div class=\"img has-hover x md-x lg-x y md-y lg-y\" id=\"image_3157974\">\n\t\t\t\t\t\t\t\t<div class=\"img-inner dark\" >\n\t\t\t<img loading=\"lazy\" decoding=\"async\" width=\"800\" height=\"512\" src=\"https:\/\/swoer.vn\/wp-content\/uploads\/2025\/02\/san-pham-can-kiem-tra.webp\" class=\"attachment-original size-original\" alt=\"Products to be tested\" srcset=\"https:\/\/swoer.vn\/wp-content\/uploads\/2025\/02\/san-pham-can-kiem-tra.webp 800w, https:\/\/swoer.vn\/wp-content\/uploads\/2025\/02\/san-pham-can-kiem-tra-300x192.webp 300w, https:\/\/swoer.vn\/wp-content\/uploads\/2025\/02\/san-pham-can-kiem-tra-768x492.webp 768w, https:\/\/swoer.vn\/wp-content\/uploads\/2025\/02\/san-pham-can-kiem-tra-18x12.webp 18w, https:\/\/swoer.vn\/wp-content\/uploads\/2025\/02\/san-pham-can-kiem-tra-600x384.webp 600w\" sizes=\"auto, (max-width: 800px) 100vw, 800px\" title=\"\">\t\t\t\t\t\t\n\t\t\t\t\t<\/div>\n\t\t\t\t\t\t\t\t\n<style>\n#image_3157974 {\n  width: 100%;\n}\n<\/style>\n\t<\/div>\n\t\n\t\t<\/div>\n\t\t\t\t\t<\/div>\n\n\t\n\n\t<div id=\"col-393054499\" class=\"col medium-4 small-12 large-4\"  >\n\t\t\t\t<div class=\"col-inner\"  >\n\t\t\t\n\t\t\t\n\t<div id=\"gap-620398246\" class=\"gap-element clearfix\" style=\"display:block; height:auto;\">\n\t\t\n<style>\n#gap-620398246 {\n  padding-top: 30px;\n}\n<\/style>\n\t<\/div>\n\t\n<h2 style=\"text-align: center;\">Sense and record material location<\/h2>\n\t<div class=\"img has-hover x md-x lg-x y md-y lg-y\" id=\"image_1543857086\">\n\t\t\t\t\t\t\t\t<div class=\"img-inner dark\" >\n\t\t\t<img loading=\"lazy\" decoding=\"async\" width=\"800\" height=\"512\" src=\"https:\/\/swoer.vn\/wp-content\/uploads\/2025\/02\/Cam-nhan-vat-lieu-va-ghi-lai-vi-tri-cua-no.webp\" class=\"attachment-original size-original\" alt=\"Feel the material and record its location\" srcset=\"https:\/\/swoer.vn\/wp-content\/uploads\/2025\/02\/Cam-nhan-vat-lieu-va-ghi-lai-vi-tri-cua-no.webp 800w, https:\/\/swoer.vn\/wp-content\/uploads\/2025\/02\/Cam-nhan-vat-lieu-va-ghi-lai-vi-tri-cua-no-300x192.webp 300w, https:\/\/swoer.vn\/wp-content\/uploads\/2025\/02\/Cam-nhan-vat-lieu-va-ghi-lai-vi-tri-cua-no-768x492.webp 768w, https:\/\/swoer.vn\/wp-content\/uploads\/2025\/02\/Cam-nhan-vat-lieu-va-ghi-lai-vi-tri-cua-no-18x12.webp 18w, https:\/\/swoer.vn\/wp-content\/uploads\/2025\/02\/Cam-nhan-vat-lieu-va-ghi-lai-vi-tri-cua-no-600x384.webp 600w\" sizes=\"auto, (max-width: 800px) 100vw, 800px\" title=\"\">\t\t\t\t\t\t\n\t\t\t\t\t<\/div>\n\t\t\t\t\t\t\t\t\n<style>\n#image_1543857086 {\n  width: 100%;\n}\n<\/style>\n\t<\/div>\n\t\n\t\t<\/div>\n\t\t\t\t\t<\/div>\n\n\t\n<\/div>\n\t<div id=\"gap-1567069121\" class=\"gap-element clearfix\" style=\"display:block; height:auto;\">\n\t\t\n<style>\n#gap-1567069121 {\n  padding-top: 30px;\n}\n<\/style>\n\t<\/div>\n\t\n<div class=\"row\"  id=\"row-1811842254\">\n\n\t<div id=\"col-1076626264\" class=\"col medium-4 small-12 large-4\"  >\n\t\t\t\t<div class=\"col-inner\"  >\n\t\t\t\n\t\t\t\n<h3 style=\"text-align: center;\">Activate the camera to take a photo<\/h3>\n\t<div class=\"img has-hover x md-x lg-x y md-y lg-y\" id=\"image_1584849412\">\n\t\t\t\t\t\t\t\t<div class=\"img-inner dark\" >\n\t\t\t<img loading=\"lazy\" decoding=\"async\" width=\"800\" height=\"512\" src=\"https:\/\/swoer.vn\/wp-content\/uploads\/2025\/02\/Kich-hoat-may-anh-de-chup-anh.webp\" class=\"attachment-original size-original\" alt=\"Activate the camera to take a photo\" srcset=\"https:\/\/swoer.vn\/wp-content\/uploads\/2025\/02\/Kich-hoat-may-anh-de-chup-anh.webp 800w, https:\/\/swoer.vn\/wp-content\/uploads\/2025\/02\/Kich-hoat-may-anh-de-chup-anh-300x192.webp 300w, https:\/\/swoer.vn\/wp-content\/uploads\/2025\/02\/Kich-hoat-may-anh-de-chup-anh-768x492.webp 768w, https:\/\/swoer.vn\/wp-content\/uploads\/2025\/02\/Kich-hoat-may-anh-de-chup-anh-18x12.webp 18w, https:\/\/swoer.vn\/wp-content\/uploads\/2025\/02\/Kich-hoat-may-anh-de-chup-anh-600x384.webp 600w\" sizes=\"auto, (max-width: 800px) 100vw, 800px\" title=\"\">\t\t\t\t\t\t\n\t\t\t\t\t<\/div>\n\t\t\t\t\t\t\t\t\n<style>\n#image_1584849412 {\n  width: 100%;\n}\n<\/style>\n\t<\/div>\n\t\n\t\t<\/div>\n\t\t\t\t\t<\/div>\n\n\t\n\n\t<div id=\"col-1685582304\" class=\"col medium-4 small-12 large-4\"  >\n\t\t\t\t<div class=\"col-inner\"  >\n\t\t\t\n\t\t\t\n<h3 style=\"text-align: center;\">Visual system processing<\/h3>\n\t<div class=\"img has-hover x md-x lg-x y md-y lg-y\" id=\"image_478220572\">\n\t\t\t\t\t\t\t\t<div class=\"img-inner dark\" >\n\t\t\t<img loading=\"lazy\" decoding=\"async\" width=\"800\" height=\"512\" src=\"https:\/\/swoer.vn\/wp-content\/uploads\/2025\/02\/Xu-ly-he-thong-thi-giac.webp\" class=\"attachment-original size-original\" alt=\"Visual system processing\" srcset=\"https:\/\/swoer.vn\/wp-content\/uploads\/2025\/02\/Xu-ly-he-thong-thi-giac.webp 800w, https:\/\/swoer.vn\/wp-content\/uploads\/2025\/02\/Xu-ly-he-thong-thi-giac-300x192.webp 300w, https:\/\/swoer.vn\/wp-content\/uploads\/2025\/02\/Xu-ly-he-thong-thi-giac-768x492.webp 768w, https:\/\/swoer.vn\/wp-content\/uploads\/2025\/02\/Xu-ly-he-thong-thi-giac-18x12.webp 18w, https:\/\/swoer.vn\/wp-content\/uploads\/2025\/02\/Xu-ly-he-thong-thi-giac-600x384.webp 600w\" sizes=\"auto, (max-width: 800px) 100vw, 800px\" title=\"\">\t\t\t\t\t\t\n\t\t\t\t\t<\/div>\n\t\t\t\t\t\t\t\t\n<style>\n#image_478220572 {\n  width: 100%;\n}\n<\/style>\n\t<\/div>\n\t\n\t\t<\/div>\n\t\t\t\t\t<\/div>\n\n\t\n\n\t<div id=\"col-786128447\" class=\"col medium-4 small-12 large-4\"  >\n\t\t\t\t<div class=\"col-inner\"  >\n\t\t\t\n\t\t\t\n<h3 style=\"text-align: center;\">Screening good and bad products<\/h3>\n\t<div class=\"img has-hover x md-x lg-x y md-y lg-y\" id=\"image_574048196\">\n\t\t\t\t\t\t\t\t<div class=\"img-inner dark\" >\n\t\t\t<img loading=\"lazy\" decoding=\"async\" width=\"800\" height=\"512\" src=\"https:\/\/swoer.vn\/wp-content\/uploads\/2025\/02\/Sang-loc-san-pham-tot-va-xau.webp\" class=\"attachment-original size-original\" alt=\"Screening good and bad products\" srcset=\"https:\/\/swoer.vn\/wp-content\/uploads\/2025\/02\/Sang-loc-san-pham-tot-va-xau.webp 800w, https:\/\/swoer.vn\/wp-content\/uploads\/2025\/02\/Sang-loc-san-pham-tot-va-xau-300x192.webp 300w, https:\/\/swoer.vn\/wp-content\/uploads\/2025\/02\/Sang-loc-san-pham-tot-va-xau-768x492.webp 768w, https:\/\/swoer.vn\/wp-content\/uploads\/2025\/02\/Sang-loc-san-pham-tot-va-xau-18x12.webp 18w, https:\/\/swoer.vn\/wp-content\/uploads\/2025\/02\/Sang-loc-san-pham-tot-va-xau-600x384.webp 600w\" sizes=\"auto, (max-width: 800px) 100vw, 800px\" title=\"\">\t\t\t\t\t\t\n\t\t\t\t\t<\/div>\n\t\t\t\t\t\t\t\t\n<style>\n#image_574048196 {\n  width: 100%;\n}\n<\/style>\n\t<\/div>\n\t\n\t\t<\/div>\n\t\t\t\t\t<\/div>\n\n\t\n<\/div>\n\t\t<\/div>\n\n\t\t\n<style>\n#section_1460424938 {\n  padding-top: 30px;\n  padding-bottom: 30px;\n}\n<\/style>\n\t<\/section>","protected":false},"excerpt":{"rendered":"<p>SWOER&#039;s CCD Vision Inspection Machine | AOI machine is designed to automatically inspect product quality accurately and efficiently. With advanced CCD technology, the equipment can detect the smallest defects on the product surface, helping to improve quality and reduce errors in the production process. AOI (Automated Optical Inspection) machine not only speeds up inspection but also optimizes the production process, ensuring products meet the highest standards. It is an ideal solution for the electronics, medical, and automotive industries.<\/p>","protected":false},"featured_media":1869,"comment_status":"open","ping_status":"closed","template":"","meta":[],"product_brand":[],"product_cat":[76],"product_tag":[78,77,79],"class_list":{"0":"post-1868","1":"product","2":"type-product","3":"status-publish","4":"has-post-thumbnail","6":"product_cat-san-pham-moi","7":"product_tag-may-aoi","8":"product_tag-may-kiem-tra-tu-dong-aoi","9":"product_tag-thiet-bi-tu-dong-kiem-tra-tam-nhin-ccd","11":"first","12":"instock","13":"shipping-taxable","14":"product-type-simple"},"yoast_head":"<!-- This site is optimized with the Yoast SEO plugin v26.0 - https:\/\/yoast.com\/wordpress\/plugins\/seo\/ -->\n<title>Thi\u1ebft b\u1ecb t\u1ef1 \u0111\u1ed9ng ki\u1ec3m tra t\u1ea7m nh\u00ecn CCD | M\u00e1y AOI - Nh\u00e0 s\u1ea3n xu\u1ea5t m\u00e1y c\u1ea5p li\u1ec7u c\u00f4ng nghi\u1ec7p<\/title>\n<meta name=\"description\" content=\"Kh\u00e1m ph\u00e1 Thi\u1ebft b\u1ecb t\u1ef1 \u0111\u1ed9ng ki\u1ec3m tra t\u1ea7m nh\u00ecn CCD | M\u00e1y AOI c\u1ee7a SWOER, gi\u00fap ki\u1ec3m tra ch\u1ea5t l\u01b0\u1ee3ng s\u1ea3n ph\u1ea9m nhanh ch\u00f3ng, ch\u00ednh x\u00e1c v\u00e0 t\u1ed1i \u01b0u ho\u00e1 quy tr\u00ecnh s\u1ea3n xu\u1ea5t.\" \/>\n<meta name=\"robots\" content=\"index, follow, max-snippet:-1, max-image-preview:large, max-video-preview:-1\" \/>\n<link rel=\"canonical\" href=\"https:\/\/swoer.vn\/en\/manufacturer\/thiet-bi-tu-dong-kiem-tra-tam-nhin-ccd\/\" \/>\n<meta property=\"og:locale\" content=\"en_US\" \/>\n<meta property=\"og:type\" content=\"article\" \/>\n<meta property=\"og:title\" content=\"Thi\u1ebft b\u1ecb t\u1ef1 \u0111\u1ed9ng ki\u1ec3m tra t\u1ea7m nh\u00ecn CCD | M\u00e1y AOI - Nh\u00e0 s\u1ea3n xu\u1ea5t m\u00e1y c\u1ea5p li\u1ec7u c\u00f4ng nghi\u1ec7p\" \/>\n<meta property=\"og:description\" content=\"Kh\u00e1m ph\u00e1 Thi\u1ebft b\u1ecb t\u1ef1 \u0111\u1ed9ng ki\u1ec3m tra t\u1ea7m nh\u00ecn CCD | M\u00e1y AOI c\u1ee7a SWOER, gi\u00fap ki\u1ec3m tra ch\u1ea5t l\u01b0\u1ee3ng s\u1ea3n ph\u1ea9m nhanh ch\u00f3ng, ch\u00ednh x\u00e1c v\u00e0 t\u1ed1i \u01b0u ho\u00e1 quy tr\u00ecnh s\u1ea3n xu\u1ea5t.\" \/>\n<meta property=\"og:url\" content=\"https:\/\/swoer.vn\/en\/manufacturer\/thiet-bi-tu-dong-kiem-tra-tam-nhin-ccd\/\" \/>\n<meta property=\"og:site_name\" content=\"Nh\u00e0 s\u1ea3n xu\u1ea5t m\u00e1y c\u1ea5p li\u1ec7u c\u00f4ng nghi\u1ec7p\" \/>\n<meta property=\"article:modified_time\" content=\"2025-02-27T03:31:03+00:00\" \/>\n<meta property=\"og:image\" content=\"https:\/\/swoer.vn\/wp-content\/uploads\/2025\/02\/Thiet-bi-tu-dong-kiem-tra-tam-nhin-CCD.webp\" \/>\n\t<meta property=\"og:image:width\" content=\"1000\" \/>\n\t<meta property=\"og:image:height\" content=\"1000\" \/>\n\t<meta property=\"og:image:type\" content=\"image\/webp\" \/>\n<meta name=\"twitter:card\" content=\"summary_large_image\" \/>\n<meta name=\"twitter:label1\" content=\"Est. reading time\" \/>\n\t<meta name=\"twitter:data1\" content=\"1 minute\" \/>\n<script type=\"application\/ld+json\" class=\"yoast-schema-graph\">{\"@context\":\"https:\/\/schema.org\",\"@graph\":[{\"@type\":\"WebPage\",\"@id\":\"https:\/\/swoer.vn\/manufacturer\/thiet-bi-tu-dong-kiem-tra-tam-nhin-ccd\/\",\"url\":\"https:\/\/swoer.vn\/manufacturer\/thiet-bi-tu-dong-kiem-tra-tam-nhin-ccd\/\",\"name\":\"Thi\u1ebft b\u1ecb t\u1ef1 \u0111\u1ed9ng ki\u1ec3m tra t\u1ea7m nh\u00ecn CCD | M\u00e1y AOI - Nh\u00e0 s\u1ea3n xu\u1ea5t m\u00e1y c\u1ea5p li\u1ec7u c\u00f4ng nghi\u1ec7p\",\"isPartOf\":{\"@id\":\"https:\/\/swoer.vn\/#website\"},\"primaryImageOfPage\":{\"@id\":\"https:\/\/swoer.vn\/manufacturer\/thiet-bi-tu-dong-kiem-tra-tam-nhin-ccd\/#primaryimage\"},\"image\":{\"@id\":\"https:\/\/swoer.vn\/manufacturer\/thiet-bi-tu-dong-kiem-tra-tam-nhin-ccd\/#primaryimage\"},\"thumbnailUrl\":\"https:\/\/swoer.vn\/wp-content\/uploads\/2025\/02\/Thiet-bi-tu-dong-kiem-tra-tam-nhin-CCD.webp\",\"datePublished\":\"2025-02-27T02:24:19+00:00\",\"dateModified\":\"2025-02-27T03:31:03+00:00\",\"description\":\"Kh\u00e1m ph\u00e1 Thi\u1ebft b\u1ecb t\u1ef1 \u0111\u1ed9ng ki\u1ec3m tra t\u1ea7m nh\u00ecn CCD | M\u00e1y AOI c\u1ee7a SWOER, gi\u00fap ki\u1ec3m tra ch\u1ea5t l\u01b0\u1ee3ng s\u1ea3n ph\u1ea9m nhanh ch\u00f3ng, ch\u00ednh x\u00e1c v\u00e0 t\u1ed1i \u01b0u ho\u00e1 quy tr\u00ecnh s\u1ea3n xu\u1ea5t.\",\"breadcrumb\":{\"@id\":\"https:\/\/swoer.vn\/manufacturer\/thiet-bi-tu-dong-kiem-tra-tam-nhin-ccd\/#breadcrumb\"},\"inLanguage\":\"en-US\",\"potentialAction\":[{\"@type\":\"ReadAction\",\"target\":[\"https:\/\/swoer.vn\/manufacturer\/thiet-bi-tu-dong-kiem-tra-tam-nhin-ccd\/\"]}]},{\"@type\":\"ImageObject\",\"inLanguage\":\"en-US\",\"@id\":\"https:\/\/swoer.vn\/manufacturer\/thiet-bi-tu-dong-kiem-tra-tam-nhin-ccd\/#primaryimage\",\"url\":\"https:\/\/swoer.vn\/wp-content\/uploads\/2025\/02\/Thiet-bi-tu-dong-kiem-tra-tam-nhin-CCD.webp\",\"contentUrl\":\"https:\/\/swoer.vn\/wp-content\/uploads\/2025\/02\/Thiet-bi-tu-dong-kiem-tra-tam-nhin-CCD.webp\",\"width\":1000,\"height\":1000,\"caption\":\"Thi\u1ebft b\u1ecb t\u1ef1 \u0111\u1ed9ng ki\u1ec3m tra t\u1ea7m nh\u00ecn CCD\"},{\"@type\":\"BreadcrumbList\",\"@id\":\"https:\/\/swoer.vn\/manufacturer\/thiet-bi-tu-dong-kiem-tra-tam-nhin-ccd\/#breadcrumb\",\"itemListElement\":[{\"@type\":\"ListItem\",\"position\":1,\"name\":\"Home\",\"item\":\"https:\/\/swoer.vn\/\"},{\"@type\":\"ListItem\",\"position\":2,\"name\":\"S\u1ea3n ph\u1ea9m\",\"item\":\"https:\/\/swoer.vn\/shop\/\"},{\"@type\":\"ListItem\",\"position\":3,\"name\":\"Thi\u1ebft b\u1ecb t\u1ef1 \u0111\u1ed9ng ki\u1ec3m tra t\u1ea7m nh\u00ecn CCD | M\u00e1y AOI\"}]},{\"@type\":\"WebSite\",\"@id\":\"https:\/\/swoer.vn\/#website\",\"url\":\"https:\/\/swoer.vn\/\",\"name\":\"Nh\u00e0 s\u1ea3n xu\u1ea5t m\u00e1y c\u1ea5p li\u1ec7u c\u00f4ng nghi\u1ec7p\",\"description\":\"Nh\u00e0 cung c\u1ea5p robot, m\u00e1y c\u1ea5p li\u1ec7u linh ho\u1ea1t, m\u00e1y c\u1ea5p li\u1ec7u ly t\u00e2m, m\u00e1y c\u1ea5p li\u1ec7u rung t\u1ef1 \u0111\u1ed9ng\",\"potentialAction\":[{\"@type\":\"SearchAction\",\"target\":{\"@type\":\"EntryPoint\",\"urlTemplate\":\"https:\/\/swoer.vn\/?s={search_term_string}\"},\"query-input\":{\"@type\":\"PropertyValueSpecification\",\"valueRequired\":true,\"valueName\":\"search_term_string\"}}],\"inLanguage\":\"en-US\"}]}<\/script>\n<!-- \/ Yoast SEO plugin. -->","yoast_head_json":{"title":"CCD Vision Automatic Inspection Equipment | AOI Machine - Industrial Feeder Manufacturer","description":"Explore SWOER&#039;s CCD Vision Automatic Inspection Equipment | AOI Machine, which helps to inspect product quality quickly, accurately and optimize production process.","robots":{"index":"index","follow":"follow","max-snippet":"max-snippet:-1","max-image-preview":"max-image-preview:large","max-video-preview":"max-video-preview:-1"},"canonical":"https:\/\/swoer.vn\/en\/manufacturer\/thiet-bi-tu-dong-kiem-tra-tam-nhin-ccd\/","og_locale":"en_US","og_type":"article","og_title":"Thi\u1ebft b\u1ecb t\u1ef1 \u0111\u1ed9ng ki\u1ec3m tra t\u1ea7m nh\u00ecn CCD | M\u00e1y AOI - Nh\u00e0 s\u1ea3n xu\u1ea5t m\u00e1y c\u1ea5p li\u1ec7u c\u00f4ng nghi\u1ec7p","og_description":"Kh\u00e1m ph\u00e1 Thi\u1ebft b\u1ecb t\u1ef1 \u0111\u1ed9ng ki\u1ec3m tra t\u1ea7m nh\u00ecn CCD | M\u00e1y AOI c\u1ee7a SWOER, gi\u00fap ki\u1ec3m tra ch\u1ea5t l\u01b0\u1ee3ng s\u1ea3n ph\u1ea9m nhanh ch\u00f3ng, ch\u00ednh x\u00e1c v\u00e0 t\u1ed1i \u01b0u ho\u00e1 quy tr\u00ecnh s\u1ea3n xu\u1ea5t.","og_url":"https:\/\/swoer.vn\/en\/manufacturer\/thiet-bi-tu-dong-kiem-tra-tam-nhin-ccd\/","og_site_name":"Nh\u00e0 s\u1ea3n xu\u1ea5t m\u00e1y c\u1ea5p li\u1ec7u c\u00f4ng nghi\u1ec7p","article_modified_time":"2025-02-27T03:31:03+00:00","og_image":[{"width":1000,"height":1000,"url":"https:\/\/swoer.vn\/wp-content\/uploads\/2025\/02\/Thiet-bi-tu-dong-kiem-tra-tam-nhin-CCD.webp","type":"image\/webp"}],"twitter_card":"summary_large_image","twitter_misc":{"Est. reading time":"1 minute"},"schema":{"@context":"https:\/\/schema.org","@graph":[{"@type":"WebPage","@id":"https:\/\/swoer.vn\/manufacturer\/thiet-bi-tu-dong-kiem-tra-tam-nhin-ccd\/","url":"https:\/\/swoer.vn\/manufacturer\/thiet-bi-tu-dong-kiem-tra-tam-nhin-ccd\/","name":"CCD Vision Automatic Inspection Equipment | AOI Machine - Industrial Feeder Manufacturer","isPartOf":{"@id":"https:\/\/swoer.vn\/#website"},"primaryImageOfPage":{"@id":"https:\/\/swoer.vn\/manufacturer\/thiet-bi-tu-dong-kiem-tra-tam-nhin-ccd\/#primaryimage"},"image":{"@id":"https:\/\/swoer.vn\/manufacturer\/thiet-bi-tu-dong-kiem-tra-tam-nhin-ccd\/#primaryimage"},"thumbnailUrl":"https:\/\/swoer.vn\/wp-content\/uploads\/2025\/02\/Thiet-bi-tu-dong-kiem-tra-tam-nhin-CCD.webp","datePublished":"2025-02-27T02:24:19+00:00","dateModified":"2025-02-27T03:31:03+00:00","description":"Explore SWOER&#039;s CCD Vision Automatic Inspection Equipment | AOI Machine, which helps to inspect product quality quickly, accurately and optimize production process.","breadcrumb":{"@id":"https:\/\/swoer.vn\/manufacturer\/thiet-bi-tu-dong-kiem-tra-tam-nhin-ccd\/#breadcrumb"},"inLanguage":"en-US","potentialAction":[{"@type":"ReadAction","target":["https:\/\/swoer.vn\/manufacturer\/thiet-bi-tu-dong-kiem-tra-tam-nhin-ccd\/"]}]},{"@type":"ImageObject","inLanguage":"en-US","@id":"https:\/\/swoer.vn\/manufacturer\/thiet-bi-tu-dong-kiem-tra-tam-nhin-ccd\/#primaryimage","url":"https:\/\/swoer.vn\/wp-content\/uploads\/2025\/02\/Thiet-bi-tu-dong-kiem-tra-tam-nhin-CCD.webp","contentUrl":"https:\/\/swoer.vn\/wp-content\/uploads\/2025\/02\/Thiet-bi-tu-dong-kiem-tra-tam-nhin-CCD.webp","width":1000,"height":1000,"caption":"Thi\u1ebft b\u1ecb t\u1ef1 \u0111\u1ed9ng ki\u1ec3m tra t\u1ea7m nh\u00ecn CCD"},{"@type":"BreadcrumbList","@id":"https:\/\/swoer.vn\/manufacturer\/thiet-bi-tu-dong-kiem-tra-tam-nhin-ccd\/#breadcrumb","itemListElement":[{"@type":"ListItem","position":1,"name":"Home","item":"https:\/\/swoer.vn\/"},{"@type":"ListItem","position":2,"name":"S\u1ea3n ph\u1ea9m","item":"https:\/\/swoer.vn\/shop\/"},{"@type":"ListItem","position":3,"name":"Thi\u1ebft b\u1ecb t\u1ef1 \u0111\u1ed9ng ki\u1ec3m tra t\u1ea7m nh\u00ecn CCD | M\u00e1y AOI"}]},{"@type":"WebSite","@id":"https:\/\/swoer.vn\/#website","url":"https:\/\/swoer.vn\/","name":"Industrial Feeder Manufacturer","description":"Supplier of robot, flexible feeder, centrifugal feeder, automatic vibrating feeder","potentialAction":[{"@type":"SearchAction","target":{"@type":"EntryPoint","urlTemplate":"https:\/\/swoer.vn\/?s={search_term_string}"},"query-input":{"@type":"PropertyValueSpecification","valueRequired":true,"valueName":"search_term_string"}}],"inLanguage":"en-US"}]}},"_links":{"self":[{"href":"https:\/\/swoer.vn\/en\/wp-json\/wp\/v2\/product\/1868","targetHints":{"allow":["GET"]}}],"collection":[{"href":"https:\/\/swoer.vn\/en\/wp-json\/wp\/v2\/product"}],"about":[{"href":"https:\/\/swoer.vn\/en\/wp-json\/wp\/v2\/types\/product"}],"replies":[{"embeddable":true,"href":"https:\/\/swoer.vn\/en\/wp-json\/wp\/v2\/comments?post=1868"}],"wp:featuredmedia":[{"embeddable":true,"href":"https:\/\/swoer.vn\/en\/wp-json\/wp\/v2\/media\/1869"}],"wp:attachment":[{"href":"https:\/\/swoer.vn\/en\/wp-json\/wp\/v2\/media?parent=1868"}],"wp:term":[{"taxonomy":"product_brand","embeddable":true,"href":"https:\/\/swoer.vn\/en\/wp-json\/wp\/v2\/product_brand?post=1868"},{"taxonomy":"product_cat","embeddable":true,"href":"https:\/\/swoer.vn\/en\/wp-json\/wp\/v2\/product_cat?post=1868"},{"taxonomy":"product_tag","embeddable":true,"href":"https:\/\/swoer.vn\/en\/wp-json\/wp\/v2\/product_tag?post=1868"}],"curies":[{"name":"wp","href":"https:\/\/api.w.org\/{rel}","templated":true}]}}