{"id":1852,"date":"2025-02-26T14:39:38","date_gmt":"2025-02-26T07:39:38","guid":{"rendered":"https:\/\/swoer.vn\/?post_type=product&#038;p=1852"},"modified":"2025-02-26T15:41:12","modified_gmt":"2025-02-26T08:41:12","slug":"robot-delta-cong-nghiep","status":"publish","type":"product","link":"https:\/\/swoer.vn\/en\/manufacturer\/robot-delta-cong-nghiep\/","title":{"rendered":"Industrial Delta Robot | Industrial Spider Robot"},"content":{"rendered":"<h2>Features of Delta AC-03 Robot<\/h2>\n<ul>\n<li>High precision and high speed robot<\/li>\n<li>No programming required, easy to use<\/li>\n<li>Convenient to use with driver, install in just one step<\/li>\n<li>More flexible response to the need for robot applications in different fields<\/li>\n<\/ul>\n\t<div id=\"gap-2067684133\" class=\"gap-element clearfix\" style=\"display:block; height:auto;\">\n\t\t\n<style>\n#gap-2067684133 {\n  padding-top: 30px;\n}\n<\/style>\n\t<\/div>\n\t\n<h2>Parameter<\/h2>\n<table width=\"705\">\n<tbody>\n<tr>\n<td width=\"159\"><strong>Name<\/strong><\/td>\n<td width=\"178\">Scope<\/td>\n<td width=\"198\"><strong>Name<\/strong><\/td>\n<td width=\"170\">scope<\/td>\n<\/tr>\n<tr>\n<td><strong>Type<\/strong><\/td>\n<td>SW-AC03<\/td>\n<td><strong>Repeat accuracy<\/strong><\/td>\n<td>\u00b10.1mm<\/td>\n<\/tr>\n<tr>\n<td><strong>Voltage<\/strong><\/td>\n<td>AC220V<\/td>\n<td><strong>Flexible disc size<\/strong><\/td>\n<td>100*150mm<\/td>\n<\/tr>\n<tr>\n<td><strong>Capacity<\/strong><\/td>\n<td>500W<\/td>\n<td><strong>transfer method<\/strong><\/td>\n<td>servo motor<\/td>\n<\/tr>\n<tr>\n<td><strong>Size<\/strong><\/td>\n<td>224*380*650mm<\/td>\n<td><strong>light source<\/strong><\/td>\n<td>square white light<\/td>\n<\/tr>\n<tr>\n<td><strong>Weight<\/strong><\/td>\n<td>30kg<\/td>\n<td><strong>Vibration mode<\/strong><\/td>\n<td>Vibration motor<\/td>\n<\/tr>\n<tr>\n<td><strong>Scope of operation<\/strong><\/td>\n<td>250*300mm<\/td>\n<td><strong>Resolution<\/strong><\/td>\n<td>3072*2048pixel<\/td>\n<\/tr>\n<tr>\n<td><strong>Setting range<\/strong><\/td>\n<td>200*240mm<\/td>\n<td><strong>Air input source<\/strong><\/td>\n<td>0.4~0.6MPa<\/td>\n<\/tr>\n<tr>\n<td><strong>Maximum speed<\/strong><\/td>\n<td>0.4 seconds\/piece<\/td>\n<td><strong>Outlet air pressure<\/strong><\/td>\n<td>\u00a04 Kg<\/td>\n<\/tr>\n<\/tbody>\n<\/table>\n\t<div id=\"gap-290890556\" class=\"gap-element clearfix\" style=\"display:block; height:auto;\">\n\t\t\n<style>\n#gap-290890556 {\n  padding-top: 30px;\n}\n<\/style>\n\t<\/div>\n\t\n\t<div id=\"gap-720334692\" class=\"gap-element clearfix\" style=\"display:block; height:auto;\">\n\t\t\n<style>\n#gap-720334692 {\n  padding-top: 30px;\n}\n<\/style>\n\t<\/div>\n\t\n<div class=\"row\"  id=\"row-648083624\">\n\n\t<div id=\"col-335572578\" class=\"col medium-6 small-12 large-6\"  >\n\t\t\t\t<div class=\"col-inner\"  >\n\t\t\t\n\t\t\t\n<h3 style=\"text-align: center;\">Part Name Delta Robot AC-03<\/h3>\n\t<div id=\"gap-379934795\" class=\"gap-element clearfix\" style=\"display:block; height:auto;\">\n\t\t\n<style>\n#gap-379934795 {\n  padding-top: 30px;\n}\n<\/style>\n\t<\/div>\n\t\n\t<div class=\"img has-hover x md-x lg-x y md-y lg-y\" id=\"image_1251505537\">\n\t\t\t\t\t\t\t\t<div class=\"img-inner dark\" >\n\t\t\t<img loading=\"lazy\" decoding=\"async\" width=\"577\" height=\"462\" src=\"https:\/\/swoer.vn\/wp-content\/uploads\/2025\/02\/Ten-bo-phan-Robot-Delta-AC-03.webp\" class=\"attachment-original size-original\" alt=\"Part Name Delta Robot AC-03\" srcset=\"https:\/\/swoer.vn\/wp-content\/uploads\/2025\/02\/Ten-bo-phan-Robot-Delta-AC-03.webp 577w, https:\/\/swoer.vn\/wp-content\/uploads\/2025\/02\/Ten-bo-phan-Robot-Delta-AC-03-300x240.webp 300w, https:\/\/swoer.vn\/wp-content\/uploads\/2025\/02\/Ten-bo-phan-Robot-Delta-AC-03-15x12.webp 15w\" sizes=\"auto, (max-width: 577px) 100vw, 577px\" title=\"\">\t\t\t\t\t\t\n\t\t\t\t\t<\/div>\n\t\t\t\t\t\t\t\t\n<style>\n#image_1251505537 {\n  width: 100%;\n}\n<\/style>\n\t<\/div>\n\t\n\t\t<\/div>\n\t\t\t\t\t<\/div>\n\n\t\n\n\t<div id=\"col-793111803\" class=\"col medium-6 small-12 large-6\"  >\n\t\t\t\t<div class=\"col-inner\"  >\n\t\t\t\n\t\t\t\n<h3 style=\"text-align: center;\">The external dimensions of<\/h3>\n\t<div id=\"gap-2009783290\" class=\"gap-element clearfix\" style=\"display:block; height:auto;\">\n\t\t\n<style>\n#gap-2009783290 {\n  padding-top: 30px;\n}\n<\/style>\n\t<\/div>\n\t\n\t<div class=\"img has-hover x md-x lg-x y md-y lg-y\" id=\"image_990375094\">\n\t\t\t\t\t\t\t\t<div class=\"img-inner dark\" >\n\t\t\t<img loading=\"lazy\" decoding=\"async\" width=\"577\" height=\"462\" src=\"https:\/\/swoer.vn\/wp-content\/uploads\/2025\/02\/Kich-thuoc-be-ngoai-cua.webp\" class=\"attachment-original size-original\" alt=\"The external dimensions of\" srcset=\"https:\/\/swoer.vn\/wp-content\/uploads\/2025\/02\/Kich-thuoc-be-ngoai-cua.webp 577w, https:\/\/swoer.vn\/wp-content\/uploads\/2025\/02\/Kich-thuoc-be-ngoai-cua-300x240.webp 300w, https:\/\/swoer.vn\/wp-content\/uploads\/2025\/02\/Kich-thuoc-be-ngoai-cua-15x12.webp 15w\" sizes=\"auto, (max-width: 577px) 100vw, 577px\" title=\"\">\t\t\t\t\t\t\n\t\t\t\t\t<\/div>\n\t\t\t\t\t\t\t\t\n<style>\n#image_990375094 {\n  width: 100%;\n}\n<\/style>\n\t<\/div>\n\t\n\t\t<\/div>\n\t\t\t\t\t<\/div>\n\n\t\n<\/div>\n\t<div id=\"gap-1715609548\" class=\"gap-element clearfix\" style=\"display:block; height:auto;\">\n\t\t\n<style>\n#gap-1715609548 {\n  padding-top: 30px;\n}\n<\/style>\n\t<\/div>\n\t\n<h2>Packing list<\/h2>\n\t<div class=\"img has-hover x md-x lg-x y md-y lg-y\" id=\"image_1413088787\">\n\t\t\t\t\t\t\t\t<div class=\"img-inner dark\" >\n\t\t\t<img loading=\"lazy\" decoding=\"async\" width=\"1000\" height=\"841\" src=\"https:\/\/swoer.vn\/wp-content\/uploads\/2025\/02\/Danh-sach-dong-goi.webp\" class=\"attachment-original size-original\" alt=\"Packing list\" srcset=\"https:\/\/swoer.vn\/wp-content\/uploads\/2025\/02\/Danh-sach-dong-goi.webp 1000w, https:\/\/swoer.vn\/wp-content\/uploads\/2025\/02\/Danh-sach-dong-goi-300x252.webp 300w, https:\/\/swoer.vn\/wp-content\/uploads\/2025\/02\/Danh-sach-dong-goi-768x646.webp 768w, https:\/\/swoer.vn\/wp-content\/uploads\/2025\/02\/Danh-sach-dong-goi-14x12.webp 14w, https:\/\/swoer.vn\/wp-content\/uploads\/2025\/02\/Danh-sach-dong-goi-600x505.webp 600w\" sizes=\"auto, (max-width: 1000px) 100vw, 1000px\" title=\"\">\t\t\t\t\t\t\n\t\t\t\t\t<\/div>\n\t\t\t\t\t\t\t\t\n<style>\n#image_1413088787 {\n  width: 100%;\n}\n<\/style>\n\t<\/div>","protected":false},"excerpt":{"rendered":"<p>SWOER&#039;s Delta Industrial Robots and Industrial Spider Robots are excellent solutions for automation applications in the manufacturing industry. With intelligent design and flexible mobility, these robots not only increase efficiency but also reduce labor costs. In particular, their diverse application capabilities help improve efficiency in complex production lines, from assembly to product quality inspection.<\/p>","protected":false},"featured_media":1853,"comment_status":"open","ping_status":"closed","template":"","meta":[],"product_brand":[],"product_cat":[69],"product_tag":[70,72,71],"class_list":{"0":"post-1852","1":"product","2":"type-product","3":"status-publish","4":"has-post-thumbnail","6":"product_cat-delta-robot","7":"product_tag-robot-delta","8":"product_tag-robot-nhen-cong-nghiep","9":"product_tag-robot-nhen-trong-san-xuat","11":"first","12":"instock","13":"shipping-taxable","14":"product-type-simple"},"yoast_head":"<!-- This site is optimized with the Yoast SEO plugin v26.0 - https:\/\/yoast.com\/wordpress\/plugins\/seo\/ -->\n<title>Robot Delta c\u00f4ng nghi\u1ec7p | Robot nh\u1ec7n c\u00f4ng nghi\u1ec7p - Nh\u00e0 s\u1ea3n xu\u1ea5t m\u00e1y c\u1ea5p li\u1ec7u c\u00f4ng nghi\u1ec7p<\/title>\n<meta name=\"description\" content=\"Robot Delta c\u00f4ng nghi\u1ec7p v\u00e0 Robot nh\u1ec7n c\u00f4ng nghi\u1ec7p SWOER mang \u0111\u1ebfn gi\u1ea3i ph\u00e1p t\u1ed1i \u01b0u cho t\u1ef1 \u0111\u1ed9ng h\u00f3a s\u1ea3n xu\u1ea5t. T\u0103ng c\u01b0\u1eddng hi\u1ec7u su\u1ea5t v\u00e0 \u0111\u1ed9 ch\u00ednh x\u00e1c ngay h\u00f4m nay!\" \/>\n<meta name=\"robots\" content=\"index, follow, max-snippet:-1, max-image-preview:large, max-video-preview:-1\" \/>\n<link rel=\"canonical\" href=\"https:\/\/swoer.vn\/en\/manufacturer\/robot-delta-cong-nghiep\/\" \/>\n<meta property=\"og:locale\" content=\"en_US\" \/>\n<meta property=\"og:type\" content=\"article\" \/>\n<meta property=\"og:title\" content=\"Robot Delta c\u00f4ng nghi\u1ec7p | Robot nh\u1ec7n c\u00f4ng nghi\u1ec7p - Nh\u00e0 s\u1ea3n xu\u1ea5t m\u00e1y c\u1ea5p li\u1ec7u c\u00f4ng nghi\u1ec7p\" \/>\n<meta property=\"og:description\" content=\"Robot Delta c\u00f4ng nghi\u1ec7p v\u00e0 Robot nh\u1ec7n c\u00f4ng nghi\u1ec7p SWOER mang \u0111\u1ebfn gi\u1ea3i ph\u00e1p t\u1ed1i \u01b0u cho t\u1ef1 \u0111\u1ed9ng h\u00f3a s\u1ea3n xu\u1ea5t. T\u0103ng c\u01b0\u1eddng hi\u1ec7u su\u1ea5t v\u00e0 \u0111\u1ed9 ch\u00ednh x\u00e1c ngay h\u00f4m nay!\" \/>\n<meta property=\"og:url\" content=\"https:\/\/swoer.vn\/en\/manufacturer\/robot-delta-cong-nghiep\/\" \/>\n<meta property=\"og:site_name\" content=\"Nh\u00e0 s\u1ea3n xu\u1ea5t m\u00e1y c\u1ea5p li\u1ec7u c\u00f4ng nghi\u1ec7p\" \/>\n<meta property=\"article:modified_time\" content=\"2025-02-26T08:41:12+00:00\" \/>\n<meta property=\"og:image\" content=\"https:\/\/swoer.vn\/wp-content\/uploads\/2025\/02\/Robot-Delta-cong-nghiep.webp\" \/>\n\t<meta property=\"og:image:width\" content=\"1000\" \/>\n\t<meta property=\"og:image:height\" content=\"1000\" \/>\n\t<meta property=\"og:image:type\" content=\"image\/webp\" \/>\n<meta name=\"twitter:card\" content=\"summary_large_image\" \/>\n<meta name=\"twitter:label1\" content=\"Est. reading time\" \/>\n\t<meta name=\"twitter:data1\" content=\"2 minutes\" \/>\n<script type=\"application\/ld+json\" class=\"yoast-schema-graph\">{\"@context\":\"https:\/\/schema.org\",\"@graph\":[{\"@type\":\"WebPage\",\"@id\":\"https:\/\/swoer.vn\/manufacturer\/robot-delta-cong-nghiep\/\",\"url\":\"https:\/\/swoer.vn\/manufacturer\/robot-delta-cong-nghiep\/\",\"name\":\"Robot Delta c\u00f4ng nghi\u1ec7p | Robot nh\u1ec7n c\u00f4ng nghi\u1ec7p - Nh\u00e0 s\u1ea3n xu\u1ea5t m\u00e1y c\u1ea5p li\u1ec7u c\u00f4ng nghi\u1ec7p\",\"isPartOf\":{\"@id\":\"https:\/\/swoer.vn\/#website\"},\"primaryImageOfPage\":{\"@id\":\"https:\/\/swoer.vn\/manufacturer\/robot-delta-cong-nghiep\/#primaryimage\"},\"image\":{\"@id\":\"https:\/\/swoer.vn\/manufacturer\/robot-delta-cong-nghiep\/#primaryimage\"},\"thumbnailUrl\":\"https:\/\/swoer.vn\/wp-content\/uploads\/2025\/02\/Robot-Delta-cong-nghiep.webp\",\"datePublished\":\"2025-02-26T07:39:38+00:00\",\"dateModified\":\"2025-02-26T08:41:12+00:00\",\"description\":\"Robot Delta c\u00f4ng nghi\u1ec7p v\u00e0 Robot nh\u1ec7n c\u00f4ng nghi\u1ec7p SWOER mang \u0111\u1ebfn gi\u1ea3i ph\u00e1p t\u1ed1i \u01b0u cho t\u1ef1 \u0111\u1ed9ng h\u00f3a s\u1ea3n xu\u1ea5t. T\u0103ng c\u01b0\u1eddng hi\u1ec7u su\u1ea5t v\u00e0 \u0111\u1ed9 ch\u00ednh x\u00e1c ngay h\u00f4m nay!\",\"breadcrumb\":{\"@id\":\"https:\/\/swoer.vn\/manufacturer\/robot-delta-cong-nghiep\/#breadcrumb\"},\"inLanguage\":\"en-US\",\"potentialAction\":[{\"@type\":\"ReadAction\",\"target\":[\"https:\/\/swoer.vn\/manufacturer\/robot-delta-cong-nghiep\/\"]}]},{\"@type\":\"ImageObject\",\"inLanguage\":\"en-US\",\"@id\":\"https:\/\/swoer.vn\/manufacturer\/robot-delta-cong-nghiep\/#primaryimage\",\"url\":\"https:\/\/swoer.vn\/wp-content\/uploads\/2025\/02\/Robot-Delta-cong-nghiep.webp\",\"contentUrl\":\"https:\/\/swoer.vn\/wp-content\/uploads\/2025\/02\/Robot-Delta-cong-nghiep.webp\",\"width\":1000,\"height\":1000,\"caption\":\"Robot Delta c\u00f4ng nghi\u1ec7p\"},{\"@type\":\"BreadcrumbList\",\"@id\":\"https:\/\/swoer.vn\/manufacturer\/robot-delta-cong-nghiep\/#breadcrumb\",\"itemListElement\":[{\"@type\":\"ListItem\",\"position\":1,\"name\":\"Home\",\"item\":\"https:\/\/swoer.vn\/\"},{\"@type\":\"ListItem\",\"position\":2,\"name\":\"S\u1ea3n ph\u1ea9m\",\"item\":\"https:\/\/swoer.vn\/shop\/\"},{\"@type\":\"ListItem\",\"position\":3,\"name\":\"Robot Delta c\u00f4ng nghi\u1ec7p | Robot nh\u1ec7n c\u00f4ng nghi\u1ec7p\"}]},{\"@type\":\"WebSite\",\"@id\":\"https:\/\/swoer.vn\/#website\",\"url\":\"https:\/\/swoer.vn\/\",\"name\":\"Nh\u00e0 s\u1ea3n xu\u1ea5t m\u00e1y c\u1ea5p li\u1ec7u c\u00f4ng nghi\u1ec7p\",\"description\":\"Nh\u00e0 cung c\u1ea5p robot, m\u00e1y c\u1ea5p li\u1ec7u linh ho\u1ea1t, m\u00e1y c\u1ea5p li\u1ec7u ly t\u00e2m, m\u00e1y c\u1ea5p li\u1ec7u rung t\u1ef1 \u0111\u1ed9ng\",\"potentialAction\":[{\"@type\":\"SearchAction\",\"target\":{\"@type\":\"EntryPoint\",\"urlTemplate\":\"https:\/\/swoer.vn\/?s={search_term_string}\"},\"query-input\":{\"@type\":\"PropertyValueSpecification\",\"valueRequired\":true,\"valueName\":\"search_term_string\"}}],\"inLanguage\":\"en-US\"}]}<\/script>\n<!-- \/ Yoast SEO plugin. -->","yoast_head_json":{"title":"Delta Industrial Robot | Industrial Spider Robot - Industrial Feeder Manufacturer","description":"Delta Industrial Robots and SWOER Industrial Spider Robots offer the ultimate solution for manufacturing automation. Boost your performance and precision today!","robots":{"index":"index","follow":"follow","max-snippet":"max-snippet:-1","max-image-preview":"max-image-preview:large","max-video-preview":"max-video-preview:-1"},"canonical":"https:\/\/swoer.vn\/en\/manufacturer\/robot-delta-cong-nghiep\/","og_locale":"en_US","og_type":"article","og_title":"Robot Delta c\u00f4ng nghi\u1ec7p | Robot nh\u1ec7n c\u00f4ng nghi\u1ec7p - Nh\u00e0 s\u1ea3n xu\u1ea5t m\u00e1y c\u1ea5p li\u1ec7u c\u00f4ng nghi\u1ec7p","og_description":"Robot Delta c\u00f4ng nghi\u1ec7p v\u00e0 Robot nh\u1ec7n c\u00f4ng nghi\u1ec7p SWOER mang \u0111\u1ebfn gi\u1ea3i ph\u00e1p t\u1ed1i \u01b0u cho t\u1ef1 \u0111\u1ed9ng h\u00f3a s\u1ea3n xu\u1ea5t. T\u0103ng c\u01b0\u1eddng hi\u1ec7u su\u1ea5t v\u00e0 \u0111\u1ed9 ch\u00ednh x\u00e1c ngay h\u00f4m nay!","og_url":"https:\/\/swoer.vn\/en\/manufacturer\/robot-delta-cong-nghiep\/","og_site_name":"Nh\u00e0 s\u1ea3n xu\u1ea5t m\u00e1y c\u1ea5p li\u1ec7u c\u00f4ng nghi\u1ec7p","article_modified_time":"2025-02-26T08:41:12+00:00","og_image":[{"width":1000,"height":1000,"url":"https:\/\/swoer.vn\/wp-content\/uploads\/2025\/02\/Robot-Delta-cong-nghiep.webp","type":"image\/webp"}],"twitter_card":"summary_large_image","twitter_misc":{"Est. reading time":"2 minutes"},"schema":{"@context":"https:\/\/schema.org","@graph":[{"@type":"WebPage","@id":"https:\/\/swoer.vn\/manufacturer\/robot-delta-cong-nghiep\/","url":"https:\/\/swoer.vn\/manufacturer\/robot-delta-cong-nghiep\/","name":"Delta Industrial Robot | Industrial Spider Robot - Industrial Feeder Manufacturer","isPartOf":{"@id":"https:\/\/swoer.vn\/#website"},"primaryImageOfPage":{"@id":"https:\/\/swoer.vn\/manufacturer\/robot-delta-cong-nghiep\/#primaryimage"},"image":{"@id":"https:\/\/swoer.vn\/manufacturer\/robot-delta-cong-nghiep\/#primaryimage"},"thumbnailUrl":"https:\/\/swoer.vn\/wp-content\/uploads\/2025\/02\/Robot-Delta-cong-nghiep.webp","datePublished":"2025-02-26T07:39:38+00:00","dateModified":"2025-02-26T08:41:12+00:00","description":"Delta Industrial Robots and SWOER Industrial Spider Robots offer the ultimate solution for manufacturing automation. Boost your performance and precision today!","breadcrumb":{"@id":"https:\/\/swoer.vn\/manufacturer\/robot-delta-cong-nghiep\/#breadcrumb"},"inLanguage":"en-US","potentialAction":[{"@type":"ReadAction","target":["https:\/\/swoer.vn\/manufacturer\/robot-delta-cong-nghiep\/"]}]},{"@type":"ImageObject","inLanguage":"en-US","@id":"https:\/\/swoer.vn\/manufacturer\/robot-delta-cong-nghiep\/#primaryimage","url":"https:\/\/swoer.vn\/wp-content\/uploads\/2025\/02\/Robot-Delta-cong-nghiep.webp","contentUrl":"https:\/\/swoer.vn\/wp-content\/uploads\/2025\/02\/Robot-Delta-cong-nghiep.webp","width":1000,"height":1000,"caption":"Robot Delta c\u00f4ng nghi\u1ec7p"},{"@type":"BreadcrumbList","@id":"https:\/\/swoer.vn\/manufacturer\/robot-delta-cong-nghiep\/#breadcrumb","itemListElement":[{"@type":"ListItem","position":1,"name":"Home","item":"https:\/\/swoer.vn\/"},{"@type":"ListItem","position":2,"name":"S\u1ea3n ph\u1ea9m","item":"https:\/\/swoer.vn\/shop\/"},{"@type":"ListItem","position":3,"name":"Robot Delta c\u00f4ng nghi\u1ec7p | Robot nh\u1ec7n c\u00f4ng nghi\u1ec7p"}]},{"@type":"WebSite","@id":"https:\/\/swoer.vn\/#website","url":"https:\/\/swoer.vn\/","name":"Industrial Feeder Manufacturer","description":"Supplier of robot, flexible feeder, centrifugal feeder, automatic vibrating feeder","potentialAction":[{"@type":"SearchAction","target":{"@type":"EntryPoint","urlTemplate":"https:\/\/swoer.vn\/?s={search_term_string}"},"query-input":{"@type":"PropertyValueSpecification","valueRequired":true,"valueName":"search_term_string"}}],"inLanguage":"en-US"}]}},"_links":{"self":[{"href":"https:\/\/swoer.vn\/en\/wp-json\/wp\/v2\/product\/1852","targetHints":{"allow":["GET"]}}],"collection":[{"href":"https:\/\/swoer.vn\/en\/wp-json\/wp\/v2\/product"}],"about":[{"href":"https:\/\/swoer.vn\/en\/wp-json\/wp\/v2\/types\/product"}],"replies":[{"embeddable":true,"href":"https:\/\/swoer.vn\/en\/wp-json\/wp\/v2\/comments?post=1852"}],"wp:featuredmedia":[{"embeddable":true,"href":"https:\/\/swoer.vn\/en\/wp-json\/wp\/v2\/media\/1853"}],"wp:attachment":[{"href":"https:\/\/swoer.vn\/en\/wp-json\/wp\/v2\/media?parent=1852"}],"wp:term":[{"taxonomy":"product_brand","embeddable":true,"href":"https:\/\/swoer.vn\/en\/wp-json\/wp\/v2\/product_brand?post=1852"},{"taxonomy":"product_cat","embeddable":true,"href":"https:\/\/swoer.vn\/en\/wp-json\/wp\/v2\/product_cat?post=1852"},{"taxonomy":"product_tag","embeddable":true,"href":"https:\/\/swoer.vn\/en\/wp-json\/wp\/v2\/product_tag?post=1852"}],"curies":[{"name":"wp","href":"https:\/\/api.w.org\/{rel}","templated":true}]}}