{"id":1810,"date":"2025-02-25T14:54:24","date_gmt":"2025-02-25T07:54:24","guid":{"rendered":"https:\/\/swoer.vn\/?post_type=product&#038;p=1810"},"modified":"2025-03-10T14:27:44","modified_gmt":"2025-03-10T07:27:44","slug":"bo-nap-linh-hoat-sw-80","status":"publish","type":"product","link":"https:\/\/swoer.vn\/en\/manufacturer\/bo-nap-linh-hoat-sw-80\/","title":{"rendered":"Flexible Feeder SW-80"},"content":{"rendered":"<h2>Detailed specifications<\/h2>\n<table width=\"650\">\n<tbody>\n<tr>\n<td width=\"356\"><strong>Type<\/strong><\/td>\n<td width=\"294\">SW-85<\/td>\n<\/tr>\n<tr>\n<td width=\"356\"><strong>Size (mm)<\/strong><\/td>\n<td width=\"294\">330*105*158<\/td>\n<\/tr>\n<tr>\n<td><strong>Size of the feeder (mm)<\/strong><\/td>\n<td width=\"294\">85*70*15<\/td>\n<\/tr>\n<tr>\n<td width=\"356\"><strong>Weight<\/strong><\/td>\n<td width=\"294\">About 4.7kg<\/td>\n<\/tr>\n<tr>\n<td width=\"356\"><strong>Voltage<\/strong><\/td>\n<td width=\"294\">DC20-30V(Recommended 24V)<\/td>\n<\/tr>\n<tr>\n<td width=\"356\"><strong>Maximum current<\/strong><\/td>\n<td width=\"294\">6A<\/td>\n<\/tr>\n<tr>\n<td width=\"356\"><strong>How it works<\/strong><\/td>\n<td width=\"294\">Move up, down, left, right, top left, bottom left, top right and bottom right, middle up and down, middle left and right, shake and flip, and vibrate directly to load<\/td>\n<\/tr>\n<tr>\n<td width=\"356\"><strong>Regularity<\/strong><\/td>\n<td width=\"294\">10~131Hz<\/td>\n<\/tr>\n<tr>\n<td width=\"356\"><strong>Operating noise<\/strong><\/td>\n<td width=\"294\">&lt;50dB<\/td>\n<\/tr>\n<tr>\n<td width=\"356\"><strong>Maximum load<\/strong><\/td>\n<td width=\"294\">0.5kg<\/td>\n<\/tr>\n<tr>\n<td width=\"356\"><strong>Hopper capacity<\/strong><\/td>\n<td width=\"294\">0.3L<\/td>\n<\/tr>\n<tr>\n<td width=\"356\"><strong>Weight of a single flipped material<\/strong><\/td>\n<td width=\"294\">&lt;15g<\/td>\n<\/tr>\n<tr>\n<td rowspan=\"2\" width=\"356\"><strong>Signal interaction<\/strong><\/td>\n<td width=\"294\">TCP\/IP communication<\/td>\n<\/tr>\n<tr>\n<td width=\"294\">Input\/Output Interface<\/td>\n<\/tr>\n<\/tbody>\n<\/table>\n\t<div id=\"gap-1147842033\" class=\"gap-element clearfix\" style=\"display:block; height:auto;\">\n\t\t\n<style>\n#gap-1147842033 {\n  padding-top: 30px;\n}\n<\/style>\n\t<\/div>\n\t\n<h2><strong>External dimensions<\/strong><\/h2>\n\t<div class=\"img has-hover x md-x lg-x y md-y lg-y\" id=\"image_322518521\">\n\t\t\t\t\t\t\t\t<div class=\"img-inner dark\" >\n\t\t\t<img loading=\"lazy\" decoding=\"async\" width=\"582\" height=\"574\" src=\"https:\/\/swoer.vn\/wp-content\/uploads\/2025\/02\/Kich-thuoc-ben-ngoai.webp\" class=\"attachment-original size-original\" alt=\"External dimensions sw-80\" srcset=\"https:\/\/swoer.vn\/wp-content\/uploads\/2025\/02\/Kich-thuoc-ben-ngoai.webp 582w, https:\/\/swoer.vn\/wp-content\/uploads\/2025\/02\/Kich-thuoc-ben-ngoai-300x296.webp 300w, https:\/\/swoer.vn\/wp-content\/uploads\/2025\/02\/Kich-thuoc-ben-ngoai-12x12.webp 12w, https:\/\/swoer.vn\/wp-content\/uploads\/2025\/02\/Kich-thuoc-ben-ngoai-100x100.webp 100w\" sizes=\"auto, (max-width: 582px) 100vw, 582px\" title=\"\">\t\t\t\t\t\t\n\t\t\t\t\t<\/div>\n\t\t\t\t\t\t\t\t\n<style>\n#image_322518521 {\n  width: 60%;\n}\n<\/style>\n\t<\/div>","protected":false},"excerpt":{"rendered":"<p>SW-80 feeder accurately sorts, increases production efficiency of electronic and high-tech components.<\/p>","protected":false},"featured_media":1811,"comment_status":"open","ping_status":"closed","template":"","meta":[],"product_brand":[],"product_cat":[62],"product_tag":[67,63,68],"class_list":{"0":"post-1810","1":"product","2":"type-product","3":"status-publish","4":"has-post-thumbnail","6":"product_cat-bo-nap-linh-hoat","7":"product_tag-bo-cap-lieu-da-nang","8":"product_tag-bo-nap-linh-dong","9":"product_tag-he-thong-cap-lieu-linh-hoat","11":"first","12":"instock","13":"shipping-taxable","14":"product-type-simple"},"yoast_head":"<!-- This site is optimized with the Yoast SEO plugin v26.0 - https:\/\/yoast.com\/wordpress\/plugins\/seo\/ -->\n<title>B\u1ed9 n\u1ea1p linh ho\u1ea1t SW-80 - Nh\u00e0 s\u1ea3n xu\u1ea5t m\u00e1y c\u1ea5p li\u1ec7u c\u00f4ng nghi\u1ec7p<\/title>\n<meta name=\"description\" content=\"S\u00e0ng l\u1ecdc c\u00e1c v\u1eadt li\u1ec7u nh\u1ecf, ch\u1eb3ng h\u1ea1n nh\u01b0 c\u00e1c th\u00e0nh ph\u1ea7n kh\u00e1c nhau \u0111\u01b0\u1ee3c s\u1eed d\u1ee5ng trong c\u00e1c m\u1ea1ch t\u00edch h\u1ee3p v\u00e0 c\u00e1c th\u00e0nh ph\u1ea7n nh\u01b0 \u0111i\u1ec7n tho\u1ea1i di \u0111\u1ed9ng v\u00e0 \u0111\u1ed3ng h\u1ed3\" \/>\n<meta name=\"robots\" content=\"index, follow, max-snippet:-1, max-image-preview:large, max-video-preview:-1\" \/>\n<link rel=\"canonical\" href=\"https:\/\/swoer.vn\/en\/manufacturer\/bo-nap-linh-hoat-sw-80\/\" \/>\n<meta property=\"og:locale\" content=\"en_US\" \/>\n<meta property=\"og:type\" content=\"article\" \/>\n<meta property=\"og:title\" content=\"B\u1ed9 n\u1ea1p linh ho\u1ea1t SW-80 - Nh\u00e0 s\u1ea3n xu\u1ea5t m\u00e1y c\u1ea5p li\u1ec7u c\u00f4ng nghi\u1ec7p\" \/>\n<meta property=\"og:description\" content=\"S\u00e0ng l\u1ecdc c\u00e1c v\u1eadt li\u1ec7u nh\u1ecf, ch\u1eb3ng h\u1ea1n nh\u01b0 c\u00e1c th\u00e0nh ph\u1ea7n kh\u00e1c nhau \u0111\u01b0\u1ee3c s\u1eed d\u1ee5ng trong c\u00e1c m\u1ea1ch t\u00edch h\u1ee3p v\u00e0 c\u00e1c th\u00e0nh ph\u1ea7n nh\u01b0 \u0111i\u1ec7n tho\u1ea1i di \u0111\u1ed9ng v\u00e0 \u0111\u1ed3ng h\u1ed3\" \/>\n<meta property=\"og:url\" content=\"https:\/\/swoer.vn\/en\/manufacturer\/bo-nap-linh-hoat-sw-80\/\" \/>\n<meta property=\"og:site_name\" content=\"Nh\u00e0 s\u1ea3n xu\u1ea5t m\u00e1y c\u1ea5p li\u1ec7u c\u00f4ng nghi\u1ec7p\" \/>\n<meta property=\"article:modified_time\" content=\"2025-03-10T07:27:44+00:00\" \/>\n<meta property=\"og:image\" content=\"https:\/\/swoer.vn\/wp-content\/uploads\/2025\/02\/May-cap-lieu-linh-hoat-sw-80.webp\" \/>\n\t<meta property=\"og:image:width\" content=\"1000\" \/>\n\t<meta property=\"og:image:height\" content=\"1000\" \/>\n\t<meta property=\"og:image:type\" content=\"image\/webp\" \/>\n<meta name=\"twitter:card\" content=\"summary_large_image\" \/>\n<meta name=\"twitter:label1\" content=\"Est. reading time\" \/>\n\t<meta name=\"twitter:data1\" content=\"1 minute\" \/>\n<script type=\"application\/ld+json\" class=\"yoast-schema-graph\">{\"@context\":\"https:\/\/schema.org\",\"@graph\":[{\"@type\":\"WebPage\",\"@id\":\"https:\/\/swoer.vn\/manufacturer\/bo-nap-linh-hoat-sw-80\/\",\"url\":\"https:\/\/swoer.vn\/manufacturer\/bo-nap-linh-hoat-sw-80\/\",\"name\":\"B\u1ed9 n\u1ea1p linh ho\u1ea1t SW-80 - Nh\u00e0 s\u1ea3n xu\u1ea5t m\u00e1y c\u1ea5p li\u1ec7u c\u00f4ng nghi\u1ec7p\",\"isPartOf\":{\"@id\":\"https:\/\/swoer.vn\/#website\"},\"primaryImageOfPage\":{\"@id\":\"https:\/\/swoer.vn\/manufacturer\/bo-nap-linh-hoat-sw-80\/#primaryimage\"},\"image\":{\"@id\":\"https:\/\/swoer.vn\/manufacturer\/bo-nap-linh-hoat-sw-80\/#primaryimage\"},\"thumbnailUrl\":\"https:\/\/swoer.vn\/wp-content\/uploads\/2025\/02\/May-cap-lieu-linh-hoat-sw-80.webp\",\"datePublished\":\"2025-02-25T07:54:24+00:00\",\"dateModified\":\"2025-03-10T07:27:44+00:00\",\"description\":\"S\u00e0ng l\u1ecdc c\u00e1c v\u1eadt li\u1ec7u nh\u1ecf, ch\u1eb3ng h\u1ea1n nh\u01b0 c\u00e1c th\u00e0nh ph\u1ea7n kh\u00e1c nhau \u0111\u01b0\u1ee3c s\u1eed d\u1ee5ng trong c\u00e1c m\u1ea1ch t\u00edch h\u1ee3p v\u00e0 c\u00e1c th\u00e0nh ph\u1ea7n nh\u01b0 \u0111i\u1ec7n tho\u1ea1i di \u0111\u1ed9ng v\u00e0 \u0111\u1ed3ng h\u1ed3\",\"breadcrumb\":{\"@id\":\"https:\/\/swoer.vn\/manufacturer\/bo-nap-linh-hoat-sw-80\/#breadcrumb\"},\"inLanguage\":\"en-US\",\"potentialAction\":[{\"@type\":\"ReadAction\",\"target\":[\"https:\/\/swoer.vn\/manufacturer\/bo-nap-linh-hoat-sw-80\/\"]}]},{\"@type\":\"ImageObject\",\"inLanguage\":\"en-US\",\"@id\":\"https:\/\/swoer.vn\/manufacturer\/bo-nap-linh-hoat-sw-80\/#primaryimage\",\"url\":\"https:\/\/swoer.vn\/wp-content\/uploads\/2025\/02\/May-cap-lieu-linh-hoat-sw-80.webp\",\"contentUrl\":\"https:\/\/swoer.vn\/wp-content\/uploads\/2025\/02\/May-cap-lieu-linh-hoat-sw-80.webp\",\"width\":1000,\"height\":1000,\"caption\":\"M\u00e1y c\u1ea5p li\u1ec7u linh ho\u1ea1t sw-80\"},{\"@type\":\"BreadcrumbList\",\"@id\":\"https:\/\/swoer.vn\/manufacturer\/bo-nap-linh-hoat-sw-80\/#breadcrumb\",\"itemListElement\":[{\"@type\":\"ListItem\",\"position\":1,\"name\":\"Home\",\"item\":\"https:\/\/swoer.vn\/\"},{\"@type\":\"ListItem\",\"position\":2,\"name\":\"S\u1ea3n ph\u1ea9m\",\"item\":\"https:\/\/swoer.vn\/shop\/\"},{\"@type\":\"ListItem\",\"position\":3,\"name\":\"B\u1ed9 n\u1ea1p linh ho\u1ea1t SW-80\"}]},{\"@type\":\"WebSite\",\"@id\":\"https:\/\/swoer.vn\/#website\",\"url\":\"https:\/\/swoer.vn\/\",\"name\":\"Nh\u00e0 s\u1ea3n xu\u1ea5t m\u00e1y c\u1ea5p li\u1ec7u c\u00f4ng nghi\u1ec7p\",\"description\":\"Nh\u00e0 cung c\u1ea5p robot, m\u00e1y c\u1ea5p li\u1ec7u linh ho\u1ea1t, m\u00e1y c\u1ea5p li\u1ec7u ly t\u00e2m, m\u00e1y c\u1ea5p li\u1ec7u rung t\u1ef1 \u0111\u1ed9ng\",\"potentialAction\":[{\"@type\":\"SearchAction\",\"target\":{\"@type\":\"EntryPoint\",\"urlTemplate\":\"https:\/\/swoer.vn\/?s={search_term_string}\"},\"query-input\":{\"@type\":\"PropertyValueSpecification\",\"valueRequired\":true,\"valueName\":\"search_term_string\"}}],\"inLanguage\":\"en-US\"}]}<\/script>\n<!-- \/ Yoast SEO plugin. -->","yoast_head_json":{"title":"Flexible Feeder SW-80 - Industrial Feeder Manufacturer","description":"Screening of small materials, such as various components used in integrated circuits and components such as cell phones and watches","robots":{"index":"index","follow":"follow","max-snippet":"max-snippet:-1","max-image-preview":"max-image-preview:large","max-video-preview":"max-video-preview:-1"},"canonical":"https:\/\/swoer.vn\/en\/manufacturer\/bo-nap-linh-hoat-sw-80\/","og_locale":"en_US","og_type":"article","og_title":"B\u1ed9 n\u1ea1p linh ho\u1ea1t SW-80 - Nh\u00e0 s\u1ea3n xu\u1ea5t m\u00e1y c\u1ea5p li\u1ec7u c\u00f4ng nghi\u1ec7p","og_description":"S\u00e0ng l\u1ecdc c\u00e1c v\u1eadt li\u1ec7u nh\u1ecf, ch\u1eb3ng h\u1ea1n nh\u01b0 c\u00e1c th\u00e0nh ph\u1ea7n kh\u00e1c nhau \u0111\u01b0\u1ee3c s\u1eed d\u1ee5ng trong c\u00e1c m\u1ea1ch t\u00edch h\u1ee3p v\u00e0 c\u00e1c th\u00e0nh ph\u1ea7n nh\u01b0 \u0111i\u1ec7n tho\u1ea1i di \u0111\u1ed9ng v\u00e0 \u0111\u1ed3ng h\u1ed3","og_url":"https:\/\/swoer.vn\/en\/manufacturer\/bo-nap-linh-hoat-sw-80\/","og_site_name":"Nh\u00e0 s\u1ea3n xu\u1ea5t m\u00e1y c\u1ea5p li\u1ec7u c\u00f4ng nghi\u1ec7p","article_modified_time":"2025-03-10T07:27:44+00:00","og_image":[{"width":1000,"height":1000,"url":"https:\/\/swoer.vn\/wp-content\/uploads\/2025\/02\/May-cap-lieu-linh-hoat-sw-80.webp","type":"image\/webp"}],"twitter_card":"summary_large_image","twitter_misc":{"Est. reading time":"1 minute"},"schema":{"@context":"https:\/\/schema.org","@graph":[{"@type":"WebPage","@id":"https:\/\/swoer.vn\/manufacturer\/bo-nap-linh-hoat-sw-80\/","url":"https:\/\/swoer.vn\/manufacturer\/bo-nap-linh-hoat-sw-80\/","name":"Flexible Feeder SW-80 - Industrial Feeder Manufacturer","isPartOf":{"@id":"https:\/\/swoer.vn\/#website"},"primaryImageOfPage":{"@id":"https:\/\/swoer.vn\/manufacturer\/bo-nap-linh-hoat-sw-80\/#primaryimage"},"image":{"@id":"https:\/\/swoer.vn\/manufacturer\/bo-nap-linh-hoat-sw-80\/#primaryimage"},"thumbnailUrl":"https:\/\/swoer.vn\/wp-content\/uploads\/2025\/02\/May-cap-lieu-linh-hoat-sw-80.webp","datePublished":"2025-02-25T07:54:24+00:00","dateModified":"2025-03-10T07:27:44+00:00","description":"Screening of small materials, such as various components used in integrated circuits and components such as cell phones and watches","breadcrumb":{"@id":"https:\/\/swoer.vn\/manufacturer\/bo-nap-linh-hoat-sw-80\/#breadcrumb"},"inLanguage":"en-US","potentialAction":[{"@type":"ReadAction","target":["https:\/\/swoer.vn\/manufacturer\/bo-nap-linh-hoat-sw-80\/"]}]},{"@type":"ImageObject","inLanguage":"en-US","@id":"https:\/\/swoer.vn\/manufacturer\/bo-nap-linh-hoat-sw-80\/#primaryimage","url":"https:\/\/swoer.vn\/wp-content\/uploads\/2025\/02\/May-cap-lieu-linh-hoat-sw-80.webp","contentUrl":"https:\/\/swoer.vn\/wp-content\/uploads\/2025\/02\/May-cap-lieu-linh-hoat-sw-80.webp","width":1000,"height":1000,"caption":"M\u00e1y c\u1ea5p li\u1ec7u linh ho\u1ea1t sw-80"},{"@type":"BreadcrumbList","@id":"https:\/\/swoer.vn\/manufacturer\/bo-nap-linh-hoat-sw-80\/#breadcrumb","itemListElement":[{"@type":"ListItem","position":1,"name":"Home","item":"https:\/\/swoer.vn\/"},{"@type":"ListItem","position":2,"name":"S\u1ea3n ph\u1ea9m","item":"https:\/\/swoer.vn\/shop\/"},{"@type":"ListItem","position":3,"name":"B\u1ed9 n\u1ea1p linh ho\u1ea1t SW-80"}]},{"@type":"WebSite","@id":"https:\/\/swoer.vn\/#website","url":"https:\/\/swoer.vn\/","name":"Industrial Feeder Manufacturer","description":"Supplier of robot, flexible feeder, centrifugal feeder, automatic vibrating feeder","potentialAction":[{"@type":"SearchAction","target":{"@type":"EntryPoint","urlTemplate":"https:\/\/swoer.vn\/?s={search_term_string}"},"query-input":{"@type":"PropertyValueSpecification","valueRequired":true,"valueName":"search_term_string"}}],"inLanguage":"en-US"}]}},"_links":{"self":[{"href":"https:\/\/swoer.vn\/en\/wp-json\/wp\/v2\/product\/1810","targetHints":{"allow":["GET"]}}],"collection":[{"href":"https:\/\/swoer.vn\/en\/wp-json\/wp\/v2\/product"}],"about":[{"href":"https:\/\/swoer.vn\/en\/wp-json\/wp\/v2\/types\/product"}],"replies":[{"embeddable":true,"href":"https:\/\/swoer.vn\/en\/wp-json\/wp\/v2\/comments?post=1810"}],"wp:featuredmedia":[{"embeddable":true,"href":"https:\/\/swoer.vn\/en\/wp-json\/wp\/v2\/media\/1811"}],"wp:attachment":[{"href":"https:\/\/swoer.vn\/en\/wp-json\/wp\/v2\/media?parent=1810"}],"wp:term":[{"taxonomy":"product_brand","embeddable":true,"href":"https:\/\/swoer.vn\/en\/wp-json\/wp\/v2\/product_brand?post=1810"},{"taxonomy":"product_cat","embeddable":true,"href":"https:\/\/swoer.vn\/en\/wp-json\/wp\/v2\/product_cat?post=1810"},{"taxonomy":"product_tag","embeddable":true,"href":"https:\/\/swoer.vn\/en\/wp-json\/wp\/v2\/product_tag?post=1810"}],"curies":[{"name":"wp","href":"https:\/\/api.w.org\/{rel}","templated":true}]}}