{"id":1792,"date":"2025-02-25T13:21:37","date_gmt":"2025-02-25T06:21:37","guid":{"rendered":"https:\/\/swoer.vn\/?post_type=product&#038;p=1792"},"modified":"2025-02-26T08:20:05","modified_gmt":"2025-02-26T01:20:05","slug":"he-thong-cap-lieu-ly-tam-cho-nap","status":"publish","type":"product","link":"https:\/\/swoer.vn\/en\/manufacturer\/he-thong-cap-lieu-ly-tam-cho-nap\/","title":{"rendered":"Centrifugal feeding system for lids"},"content":{"rendered":"<h2 data-start=\"0\" data-end=\"22\"><strong data-start=\"0\" data-end=\"22\">SWOER advantages:<\/strong><\/h2>\n<ol data-start=\"24\" data-end=\"896\" data-is-only-node=\"\" data-is-last-node=\"\">\n<li data-start=\"24\" data-end=\"183\">\n<p data-start=\"27\" data-end=\"183\"><strong data-start=\"27\" data-end=\"51\">Long term experience:<\/strong><br data-start=\"51\" data-end=\"54\" \/>SWOER has more than 10 years of experience in designing and manufacturing centrifugal feeding systems, providing optimal solutions for customers.<\/p>\n<\/li>\n<li data-start=\"185\" data-end=\"358\">\n<p data-start=\"188\" data-end=\"358\"><strong data-start=\"188\" data-end=\"216\">High quality products:<\/strong><br data-start=\"216\" data-end=\"219\" \/>We provide precise, efficient centrifugal feeding systems that increase productivity and reduce errors in the manufacturing process.<\/p>\n<\/li>\n<li data-start=\"360\" data-end=\"524\">\n<p data-start=\"363\" data-end=\"524\"><strong data-start=\"363\" data-end=\"387\">Flexible solutions:<\/strong><br data-start=\"387\" data-end=\"390\" \/>SWOER provides feeding solutions suitable for a wide range of industries, including automotive, electronics, pharmaceuticals and many more.<\/p>\n<\/li>\n<li data-start=\"526\" data-end=\"699\">\n<p data-start=\"529\" data-end=\"699\"><strong data-start=\"529\" data-end=\"561\">Professional engineering team:<\/strong><br data-start=\"561\" data-end=\"564\" \/>Our team of engineers are highly qualified and experienced, committed to providing optimal products and services to customers.<\/p>\n<\/li>\n<li data-start=\"701\" data-end=\"896\" data-is-last-node=\"\">\n<p data-start=\"704\" data-end=\"896\" data-is-last-node=\"\"><strong data-start=\"704\" data-end=\"728\">Advanced technology:<\/strong><br data-start=\"728\" data-end=\"731\" \/>SWOER applies modern technology to the production process, ensuring that centrifugal feeding systems are always highly efficient and easily integrated into automated systems.<\/p>\n<\/li>\n<\/ol>\n<h2><strong>Product information<\/strong><\/h2>\n<table width=\"727\">\n<tbody>\n<tr>\n<td width=\"320\"><strong>Product name<\/strong><\/td>\n<td width=\"407\"><strong>Centrifugal feeding system for lids<\/strong><\/td>\n<\/tr>\n<tr>\n<td width=\"320\"><strong>Brand name<\/strong><\/td>\n<td width=\"407\"><strong>SWOER<\/strong><\/td>\n<\/tr>\n<tr>\n<td width=\"320\"><strong>Material<\/strong><\/td>\n<td width=\"407\">SUS304<\/td>\n<\/tr>\n<tr>\n<td width=\"320\"><strong>Size<\/strong><\/td>\n<td width=\"407\">According to customer requirements<\/td>\n<\/tr>\n<tr>\n<td width=\"320\"><strong>Function<\/strong><\/td>\n<td width=\"407\">Automatic feeding<\/td>\n<\/tr>\n<tr>\n<td width=\"320\"><strong>Use<\/strong><\/td>\n<td width=\"407\">Sorting and counting machine<\/td>\n<\/tr>\n<tr>\n<td width=\"320\"><strong>Advantage<\/strong><\/td>\n<td width=\"407\">Save human resources<\/td>\n<\/tr>\n<tr>\n<td width=\"320\"><strong>Machine type<\/strong><\/td>\n<td width=\"407\">Equipment set<\/td>\n<\/tr>\n<tr>\n<td width=\"320\"><strong>Project<\/strong><\/td>\n<td width=\"407\">Centrifugal feeding system<\/td>\n<\/tr>\n<tr>\n<td width=\"320\"><strong>Applicable industries<\/strong><\/td>\n<td width=\"407\">Electronics industry, medical equipment industry, automobile industry, etc.<\/td>\n<\/tr>\n<tr>\n<td width=\"320\"><strong>Good customer service<\/strong><\/td>\n<td width=\"407\">Video technical support, online support,<\/td>\n<\/tr>\n<\/tbody>\n<\/table>","protected":false},"excerpt":{"rendered":"<p>Centrifugal cap feeding system optimizes cap feeding process in production, ensuring high speed, high precision and easy integration into automated systems.<br \/>\nNeed customized centrifugal feeding system solution, please contact us!<\/p>","protected":false},"featured_media":1793,"comment_status":"open","ping_status":"closed","template":"","meta":[],"product_brand":[],"product_cat":[50],"product_tag":[51,55,54],"class_list":{"0":"post-1792","1":"product","2":"type-product","3":"status-publish","4":"has-post-thumbnail","6":"product_cat-may-cap-lieu-ly-tam","7":"product_tag-may-cap-lieu-ly-tam","8":"product_tag-may-ly-tam-cap-lieu","9":"product_tag-may-nap-ly-tam","11":"first","12":"instock","13":"shipping-taxable","14":"product-type-simple"},"yoast_head":"<!-- This site is optimized with the Yoast SEO plugin v26.0 - https:\/\/yoast.com\/wordpress\/plugins\/seo\/ -->\n<title>H\u1ec7 th\u1ed1ng c\u1ea5p li\u1ec7u ly t\u00e2m cho n\u1eafp - Nh\u00e0 s\u1ea3n xu\u1ea5t m\u00e1y c\u1ea5p li\u1ec7u c\u00f4ng nghi\u1ec7p<\/title>\n<meta name=\"description\" content=\"H\u1ec7 th\u1ed1ng c\u1ea5p li\u1ec7u ly t\u00e2m cho n\u1eafp gi\u00fap t\u0103ng hi\u1ec7u su\u1ea5t s\u1ea3n xu\u1ea5t, ch\u00ednh x\u00e1c v\u00e0 nhanh ch\u00f3ng trong vi\u1ec7c ph\u00e2n lo\u1ea1i v\u00e0 c\u1ea5p n\u1eafp cho c\u00e1c d\u00e2y chuy\u1ec1n l\u1eafp r\u00e1p t\u1ef1 \u0111\u1ed9ng.\" \/>\n<meta name=\"robots\" content=\"index, follow, max-snippet:-1, max-image-preview:large, max-video-preview:-1\" \/>\n<link rel=\"canonical\" href=\"https:\/\/swoer.vn\/en\/manufacturer\/he-thong-cap-lieu-ly-tam-cho-nap\/\" \/>\n<meta property=\"og:locale\" content=\"en_US\" \/>\n<meta property=\"og:type\" content=\"article\" \/>\n<meta property=\"og:title\" content=\"H\u1ec7 th\u1ed1ng c\u1ea5p li\u1ec7u ly t\u00e2m cho n\u1eafp - Nh\u00e0 s\u1ea3n xu\u1ea5t m\u00e1y c\u1ea5p li\u1ec7u c\u00f4ng nghi\u1ec7p\" \/>\n<meta property=\"og:description\" content=\"H\u1ec7 th\u1ed1ng c\u1ea5p li\u1ec7u ly t\u00e2m cho n\u1eafp gi\u00fap t\u0103ng hi\u1ec7u su\u1ea5t s\u1ea3n xu\u1ea5t, ch\u00ednh x\u00e1c v\u00e0 nhanh ch\u00f3ng trong vi\u1ec7c ph\u00e2n lo\u1ea1i v\u00e0 c\u1ea5p n\u1eafp cho c\u00e1c d\u00e2y chuy\u1ec1n l\u1eafp r\u00e1p t\u1ef1 \u0111\u1ed9ng.\" \/>\n<meta property=\"og:url\" content=\"https:\/\/swoer.vn\/en\/manufacturer\/he-thong-cap-lieu-ly-tam-cho-nap\/\" \/>\n<meta property=\"og:site_name\" content=\"Nh\u00e0 s\u1ea3n xu\u1ea5t m\u00e1y c\u1ea5p li\u1ec7u c\u00f4ng nghi\u1ec7p\" \/>\n<meta property=\"article:modified_time\" content=\"2025-02-26T01:20:05+00:00\" \/>\n<meta property=\"og:image\" content=\"https:\/\/swoer.vn\/wp-content\/uploads\/2025\/02\/He-thong-cap-lieu-ly-tam-cho-nap.webp\" \/>\n\t<meta property=\"og:image:width\" content=\"1000\" \/>\n\t<meta property=\"og:image:height\" content=\"1000\" \/>\n\t<meta property=\"og:image:type\" content=\"image\/webp\" \/>\n<meta name=\"twitter:card\" content=\"summary_large_image\" \/>\n<meta name=\"twitter:label1\" content=\"Est. reading time\" \/>\n\t<meta name=\"twitter:data1\" content=\"2 minutes\" \/>\n<script type=\"application\/ld+json\" class=\"yoast-schema-graph\">{\"@context\":\"https:\/\/schema.org\",\"@graph\":[{\"@type\":\"WebPage\",\"@id\":\"https:\/\/swoer.vn\/manufacturer\/he-thong-cap-lieu-ly-tam-cho-nap\/\",\"url\":\"https:\/\/swoer.vn\/manufacturer\/he-thong-cap-lieu-ly-tam-cho-nap\/\",\"name\":\"H\u1ec7 th\u1ed1ng c\u1ea5p li\u1ec7u ly t\u00e2m cho n\u1eafp - Nh\u00e0 s\u1ea3n xu\u1ea5t m\u00e1y c\u1ea5p li\u1ec7u c\u00f4ng nghi\u1ec7p\",\"isPartOf\":{\"@id\":\"https:\/\/swoer.vn\/#website\"},\"primaryImageOfPage\":{\"@id\":\"https:\/\/swoer.vn\/manufacturer\/he-thong-cap-lieu-ly-tam-cho-nap\/#primaryimage\"},\"image\":{\"@id\":\"https:\/\/swoer.vn\/manufacturer\/he-thong-cap-lieu-ly-tam-cho-nap\/#primaryimage\"},\"thumbnailUrl\":\"https:\/\/swoer.vn\/wp-content\/uploads\/2025\/02\/He-thong-cap-lieu-ly-tam-cho-nap.webp\",\"datePublished\":\"2025-02-25T06:21:37+00:00\",\"dateModified\":\"2025-02-26T01:20:05+00:00\",\"description\":\"H\u1ec7 th\u1ed1ng c\u1ea5p li\u1ec7u ly t\u00e2m cho n\u1eafp gi\u00fap t\u0103ng hi\u1ec7u su\u1ea5t s\u1ea3n xu\u1ea5t, ch\u00ednh x\u00e1c v\u00e0 nhanh ch\u00f3ng trong vi\u1ec7c ph\u00e2n lo\u1ea1i v\u00e0 c\u1ea5p n\u1eafp cho c\u00e1c d\u00e2y chuy\u1ec1n l\u1eafp r\u00e1p t\u1ef1 \u0111\u1ed9ng.\",\"breadcrumb\":{\"@id\":\"https:\/\/swoer.vn\/manufacturer\/he-thong-cap-lieu-ly-tam-cho-nap\/#breadcrumb\"},\"inLanguage\":\"en-US\",\"potentialAction\":[{\"@type\":\"ReadAction\",\"target\":[\"https:\/\/swoer.vn\/manufacturer\/he-thong-cap-lieu-ly-tam-cho-nap\/\"]}]},{\"@type\":\"ImageObject\",\"inLanguage\":\"en-US\",\"@id\":\"https:\/\/swoer.vn\/manufacturer\/he-thong-cap-lieu-ly-tam-cho-nap\/#primaryimage\",\"url\":\"https:\/\/swoer.vn\/wp-content\/uploads\/2025\/02\/He-thong-cap-lieu-ly-tam-cho-nap.webp\",\"contentUrl\":\"https:\/\/swoer.vn\/wp-content\/uploads\/2025\/02\/He-thong-cap-lieu-ly-tam-cho-nap.webp\",\"width\":1000,\"height\":1000,\"caption\":\"H\u1ec7 th\u1ed1ng c\u1ea5p li\u1ec7u ly t\u00e2m cho n\u1eafp\"},{\"@type\":\"BreadcrumbList\",\"@id\":\"https:\/\/swoer.vn\/manufacturer\/he-thong-cap-lieu-ly-tam-cho-nap\/#breadcrumb\",\"itemListElement\":[{\"@type\":\"ListItem\",\"position\":1,\"name\":\"Home\",\"item\":\"https:\/\/swoer.vn\/\"},{\"@type\":\"ListItem\",\"position\":2,\"name\":\"S\u1ea3n ph\u1ea9m\",\"item\":\"https:\/\/swoer.vn\/shop\/\"},{\"@type\":\"ListItem\",\"position\":3,\"name\":\"H\u1ec7 th\u1ed1ng c\u1ea5p li\u1ec7u ly t\u00e2m cho n\u1eafp\"}]},{\"@type\":\"WebSite\",\"@id\":\"https:\/\/swoer.vn\/#website\",\"url\":\"https:\/\/swoer.vn\/\",\"name\":\"Nh\u00e0 s\u1ea3n xu\u1ea5t m\u00e1y c\u1ea5p li\u1ec7u c\u00f4ng nghi\u1ec7p\",\"description\":\"Nh\u00e0 cung c\u1ea5p robot, m\u00e1y c\u1ea5p li\u1ec7u linh ho\u1ea1t, m\u00e1y c\u1ea5p li\u1ec7u ly t\u00e2m, m\u00e1y c\u1ea5p li\u1ec7u rung t\u1ef1 \u0111\u1ed9ng\",\"potentialAction\":[{\"@type\":\"SearchAction\",\"target\":{\"@type\":\"EntryPoint\",\"urlTemplate\":\"https:\/\/swoer.vn\/?s={search_term_string}\"},\"query-input\":{\"@type\":\"PropertyValueSpecification\",\"valueRequired\":true,\"valueName\":\"search_term_string\"}}],\"inLanguage\":\"en-US\"}]}<\/script>\n<!-- \/ Yoast SEO plugin. -->","yoast_head_json":{"title":"Centrifugal feeding system for lids - Industrial feeding machine manufacturer","description":"Centrifugal feeding system for caps helps increase production efficiency, accurate and fast in sorting and feeding caps to automatic assembly lines.","robots":{"index":"index","follow":"follow","max-snippet":"max-snippet:-1","max-image-preview":"max-image-preview:large","max-video-preview":"max-video-preview:-1"},"canonical":"https:\/\/swoer.vn\/en\/manufacturer\/he-thong-cap-lieu-ly-tam-cho-nap\/","og_locale":"en_US","og_type":"article","og_title":"H\u1ec7 th\u1ed1ng c\u1ea5p li\u1ec7u ly t\u00e2m cho n\u1eafp - Nh\u00e0 s\u1ea3n xu\u1ea5t m\u00e1y c\u1ea5p li\u1ec7u c\u00f4ng nghi\u1ec7p","og_description":"H\u1ec7 th\u1ed1ng c\u1ea5p li\u1ec7u ly t\u00e2m cho n\u1eafp gi\u00fap t\u0103ng hi\u1ec7u su\u1ea5t s\u1ea3n xu\u1ea5t, ch\u00ednh x\u00e1c v\u00e0 nhanh ch\u00f3ng trong vi\u1ec7c ph\u00e2n lo\u1ea1i v\u00e0 c\u1ea5p n\u1eafp cho c\u00e1c d\u00e2y chuy\u1ec1n l\u1eafp r\u00e1p t\u1ef1 \u0111\u1ed9ng.","og_url":"https:\/\/swoer.vn\/en\/manufacturer\/he-thong-cap-lieu-ly-tam-cho-nap\/","og_site_name":"Nh\u00e0 s\u1ea3n xu\u1ea5t m\u00e1y c\u1ea5p li\u1ec7u c\u00f4ng nghi\u1ec7p","article_modified_time":"2025-02-26T01:20:05+00:00","og_image":[{"width":1000,"height":1000,"url":"https:\/\/swoer.vn\/wp-content\/uploads\/2025\/02\/He-thong-cap-lieu-ly-tam-cho-nap.webp","type":"image\/webp"}],"twitter_card":"summary_large_image","twitter_misc":{"Est. reading time":"2 minutes"},"schema":{"@context":"https:\/\/schema.org","@graph":[{"@type":"WebPage","@id":"https:\/\/swoer.vn\/manufacturer\/he-thong-cap-lieu-ly-tam-cho-nap\/","url":"https:\/\/swoer.vn\/manufacturer\/he-thong-cap-lieu-ly-tam-cho-nap\/","name":"Centrifugal feeding system for lids - Industrial feeding machine manufacturer","isPartOf":{"@id":"https:\/\/swoer.vn\/#website"},"primaryImageOfPage":{"@id":"https:\/\/swoer.vn\/manufacturer\/he-thong-cap-lieu-ly-tam-cho-nap\/#primaryimage"},"image":{"@id":"https:\/\/swoer.vn\/manufacturer\/he-thong-cap-lieu-ly-tam-cho-nap\/#primaryimage"},"thumbnailUrl":"https:\/\/swoer.vn\/wp-content\/uploads\/2025\/02\/He-thong-cap-lieu-ly-tam-cho-nap.webp","datePublished":"2025-02-25T06:21:37+00:00","dateModified":"2025-02-26T01:20:05+00:00","description":"Centrifugal feeding system for caps helps increase production efficiency, accurate and fast in sorting and feeding caps to automatic assembly lines.","breadcrumb":{"@id":"https:\/\/swoer.vn\/manufacturer\/he-thong-cap-lieu-ly-tam-cho-nap\/#breadcrumb"},"inLanguage":"en-US","potentialAction":[{"@type":"ReadAction","target":["https:\/\/swoer.vn\/manufacturer\/he-thong-cap-lieu-ly-tam-cho-nap\/"]}]},{"@type":"ImageObject","inLanguage":"en-US","@id":"https:\/\/swoer.vn\/manufacturer\/he-thong-cap-lieu-ly-tam-cho-nap\/#primaryimage","url":"https:\/\/swoer.vn\/wp-content\/uploads\/2025\/02\/He-thong-cap-lieu-ly-tam-cho-nap.webp","contentUrl":"https:\/\/swoer.vn\/wp-content\/uploads\/2025\/02\/He-thong-cap-lieu-ly-tam-cho-nap.webp","width":1000,"height":1000,"caption":"H\u1ec7 th\u1ed1ng c\u1ea5p li\u1ec7u ly t\u00e2m cho n\u1eafp"},{"@type":"BreadcrumbList","@id":"https:\/\/swoer.vn\/manufacturer\/he-thong-cap-lieu-ly-tam-cho-nap\/#breadcrumb","itemListElement":[{"@type":"ListItem","position":1,"name":"Home","item":"https:\/\/swoer.vn\/"},{"@type":"ListItem","position":2,"name":"S\u1ea3n ph\u1ea9m","item":"https:\/\/swoer.vn\/shop\/"},{"@type":"ListItem","position":3,"name":"H\u1ec7 th\u1ed1ng c\u1ea5p li\u1ec7u ly t\u00e2m cho n\u1eafp"}]},{"@type":"WebSite","@id":"https:\/\/swoer.vn\/#website","url":"https:\/\/swoer.vn\/","name":"Industrial Feeder Manufacturer","description":"Supplier of robot, flexible feeder, centrifugal feeder, automatic vibrating feeder","potentialAction":[{"@type":"SearchAction","target":{"@type":"EntryPoint","urlTemplate":"https:\/\/swoer.vn\/?s={search_term_string}"},"query-input":{"@type":"PropertyValueSpecification","valueRequired":true,"valueName":"search_term_string"}}],"inLanguage":"en-US"}]}},"_links":{"self":[{"href":"https:\/\/swoer.vn\/en\/wp-json\/wp\/v2\/product\/1792","targetHints":{"allow":["GET"]}}],"collection":[{"href":"https:\/\/swoer.vn\/en\/wp-json\/wp\/v2\/product"}],"about":[{"href":"https:\/\/swoer.vn\/en\/wp-json\/wp\/v2\/types\/product"}],"replies":[{"embeddable":true,"href":"https:\/\/swoer.vn\/en\/wp-json\/wp\/v2\/comments?post=1792"}],"wp:featuredmedia":[{"embeddable":true,"href":"https:\/\/swoer.vn\/en\/wp-json\/wp\/v2\/media\/1793"}],"wp:attachment":[{"href":"https:\/\/swoer.vn\/en\/wp-json\/wp\/v2\/media?parent=1792"}],"wp:term":[{"taxonomy":"product_brand","embeddable":true,"href":"https:\/\/swoer.vn\/en\/wp-json\/wp\/v2\/product_brand?post=1792"},{"taxonomy":"product_cat","embeddable":true,"href":"https:\/\/swoer.vn\/en\/wp-json\/wp\/v2\/product_cat?post=1792"},{"taxonomy":"product_tag","embeddable":true,"href":"https:\/\/swoer.vn\/en\/wp-json\/wp\/v2\/product_tag?post=1792"}],"curies":[{"name":"wp","href":"https:\/\/api.w.org\/{rel}","templated":true}]}}