{"id":1776,"date":"2025-02-24T14:18:52","date_gmt":"2025-02-24T07:18:52","guid":{"rendered":"https:\/\/swoer.vn\/?post_type=product&#038;p=1776"},"modified":"2025-02-24T14:34:57","modified_gmt":"2025-02-24T07:34:57","slug":"bo-cap-phoi-thang-rung-bang-thep-khong-gi-co-do-on-thap","status":"publish","type":"product","link":"https:\/\/swoer.vn\/en\/manufacturer\/bo-cap-phoi-thang-rung-bang-thep-khong-gi-co-do-on-thap\/","title":{"rendered":"Low Noise Stainless Steel Vibrating Ladder Feeder"},"content":{"rendered":"<h2><strong>Characteristic:<\/strong><\/h2>\n<ul>\n<li>The stimulating vibration force and power are well matched, the vibration force is large, the body weight is light, the volume is small, and the mechanical noise is low;<\/li>\n<li>Stable amplitude;<\/li>\n<li>Vibration frequency is adjustable and flexible;<\/li>\n<li>Simple structure in linear form, easy to install, maintain and operate;<\/li>\n<li>Adopt high quality material parts, electrical parts and operating parts.<\/li>\n<li>High feed rate.<\/li>\n<li>Different models, can be customized<\/li>\n<\/ul>\n\t<div id=\"gap-525432197\" class=\"gap-element clearfix\" style=\"display:block; height:auto;\">\n\t\t\n<style>\n#gap-525432197 {\n  padding-top: 30px;\n}\n<\/style>\n\t<\/div>\n\t\n<h2><strong>Product specifications:<\/strong><\/h2>\n<table width=\"935\">\n<tbody>\n<tr>\n<td colspan=\"2\" width=\"935\"><\/td>\n<\/tr>\n<tr>\n<td><strong>Product Name<\/strong><\/td>\n<td>Low Noise Stainless Steel Vibrating Ladder Feeder<\/td>\n<\/tr>\n<tr>\n<td><strong>Material<\/strong><\/td>\n<td>Stainless steel<\/td>\n<\/tr>\n<tr>\n<td><strong>Material properties<\/strong><\/td>\n<td>Cold-treated forged alloy, high strength, high hardness<\/td>\n<\/tr>\n<tr>\n<td><strong>Voltage<\/strong><\/td>\n<td>220V<\/td>\n<\/tr>\n<tr>\n<td><strong>Capacity<\/strong><\/td>\n<td>\u00a065W \/150W \/180w \/ 220W \/ 350W<\/td>\n<\/tr>\n<tr>\n<td><strong>Certification<\/strong><\/td>\n<td>CE,ROHS,ISO9001<\/td>\n<\/tr>\n<tr>\n<td><strong>Guarantee<\/strong><\/td>\n<td>one year<\/td>\n<\/tr>\n<tr>\n<td><strong>Minimum Order Quantity<\/strong><\/td>\n<td>1 set<\/td>\n<\/tr>\n<tr>\n<td><strong>Delivery date<\/strong><\/td>\n<td>14- 28 days<\/td>\n<\/tr>\n<tr>\n<td><strong>Payment method<\/strong><\/td>\n<td>T\/T deposit 30%, balance paid before delivery<\/td>\n<\/tr>\n<tr>\n<td><strong>Country of origin<\/strong><\/td>\n<td>Vietnam<\/td>\n<\/tr>\n<\/tbody>\n<\/table>","protected":false},"excerpt":{"rendered":"<p>Stainless steel vibrating ladder feeder with effective noise reduction design, ideal for automation applications, ensuring smooth and efficient operation.<\/p>","protected":false},"featured_media":1777,"comment_status":"open","ping_status":"closed","template":"","meta":[],"product_brand":[],"product_cat":[37],"product_tag":[38,39,42],"class_list":{"0":"post-1776","1":"product","2":"type-product","3":"status-publish","4":"has-post-thumbnail","6":"product_cat-may-cap-lieu-dang-bac-thang","7":"product_tag-bat-rung-bac-thang","8":"product_tag-may-cap-lieu-rung-bac-thang","9":"product_tag-pheu-rung-bac-thang","11":"first","12":"instock","13":"shipping-taxable","14":"product-type-simple"},"yoast_head":"<!-- This site is optimized with the Yoast SEO plugin v26.0 - https:\/\/yoast.com\/wordpress\/plugins\/seo\/ -->\n<title>B\u1ed9 c\u1ea5p ph\u00f4i thang rung b\u1eb1ng th\u00e9p kh\u00f4ng g\u1ec9 c\u00f3 \u0111\u1ed9 \u1ed3n th\u1ea5p - Nh\u00e0 s\u1ea3n xu\u1ea5t m\u00e1y c\u1ea5p li\u1ec7u c\u00f4ng nghi\u1ec7p<\/title>\n<meta name=\"description\" content=\"B\u1ed9 c\u1ea5p ph\u00f4i thang rung th\u00e9p kh\u00f4ng g\u1ec9 ch\u1ea5t l\u01b0\u1ee3ng cao, Thi\u1ebft k\u1ebf b\u1ec1n b\u1ec9, ti\u1ebft ki\u1ec7m n\u0103ng l\u01b0\u1ee3ng - Gi\u1ea3i ph\u00e1p t\u1ed1i \u01b0u cho d\u00e2y chuy\u1ec1n s\u1ea3n xu\u1ea5t t\u1ef1 \u0111\u1ed9ng. Click xem ngay!\" \/>\n<meta name=\"robots\" content=\"index, follow, max-snippet:-1, max-image-preview:large, max-video-preview:-1\" \/>\n<link rel=\"canonical\" href=\"https:\/\/swoer.vn\/en\/manufacturer\/bo-cap-phoi-thang-rung-bang-thep-khong-gi-co-do-on-thap\/\" \/>\n<meta property=\"og:locale\" content=\"en_US\" \/>\n<meta property=\"og:type\" content=\"article\" \/>\n<meta property=\"og:title\" content=\"B\u1ed9 c\u1ea5p ph\u00f4i thang rung b\u1eb1ng th\u00e9p kh\u00f4ng g\u1ec9 c\u00f3 \u0111\u1ed9 \u1ed3n th\u1ea5p - Nh\u00e0 s\u1ea3n xu\u1ea5t m\u00e1y c\u1ea5p li\u1ec7u c\u00f4ng nghi\u1ec7p\" \/>\n<meta property=\"og:description\" content=\"B\u1ed9 c\u1ea5p ph\u00f4i thang rung th\u00e9p kh\u00f4ng g\u1ec9 ch\u1ea5t l\u01b0\u1ee3ng cao, Thi\u1ebft k\u1ebf b\u1ec1n b\u1ec9, ti\u1ebft ki\u1ec7m n\u0103ng l\u01b0\u1ee3ng - Gi\u1ea3i ph\u00e1p t\u1ed1i \u01b0u cho d\u00e2y chuy\u1ec1n s\u1ea3n xu\u1ea5t t\u1ef1 \u0111\u1ed9ng. Click xem ngay!\" \/>\n<meta property=\"og:url\" content=\"https:\/\/swoer.vn\/en\/manufacturer\/bo-cap-phoi-thang-rung-bang-thep-khong-gi-co-do-on-thap\/\" \/>\n<meta property=\"og:site_name\" content=\"Nh\u00e0 s\u1ea3n xu\u1ea5t m\u00e1y c\u1ea5p li\u1ec7u c\u00f4ng nghi\u1ec7p\" \/>\n<meta property=\"article:modified_time\" content=\"2025-02-24T07:34:57+00:00\" \/>\n<meta property=\"og:image\" content=\"https:\/\/swoer.vn\/wp-content\/uploads\/2025\/02\/Nha-san-xuat-pheu-rung-bac-thang.webp\" \/>\n\t<meta property=\"og:image:width\" content=\"1000\" \/>\n\t<meta property=\"og:image:height\" content=\"1000\" \/>\n\t<meta property=\"og:image:type\" content=\"image\/webp\" \/>\n<meta name=\"twitter:card\" content=\"summary_large_image\" \/>\n<meta name=\"twitter:label1\" content=\"Est. reading time\" \/>\n\t<meta name=\"twitter:data1\" content=\"2 minutes\" \/>\n<script type=\"application\/ld+json\" class=\"yoast-schema-graph\">{\"@context\":\"https:\/\/schema.org\",\"@graph\":[{\"@type\":\"WebPage\",\"@id\":\"https:\/\/swoer.vn\/manufacturer\/bo-cap-phoi-thang-rung-bang-thep-khong-gi-co-do-on-thap\/\",\"url\":\"https:\/\/swoer.vn\/manufacturer\/bo-cap-phoi-thang-rung-bang-thep-khong-gi-co-do-on-thap\/\",\"name\":\"B\u1ed9 c\u1ea5p ph\u00f4i thang rung b\u1eb1ng th\u00e9p kh\u00f4ng g\u1ec9 c\u00f3 \u0111\u1ed9 \u1ed3n th\u1ea5p - Nh\u00e0 s\u1ea3n xu\u1ea5t m\u00e1y c\u1ea5p li\u1ec7u c\u00f4ng nghi\u1ec7p\",\"isPartOf\":{\"@id\":\"https:\/\/swoer.vn\/#website\"},\"primaryImageOfPage\":{\"@id\":\"https:\/\/swoer.vn\/manufacturer\/bo-cap-phoi-thang-rung-bang-thep-khong-gi-co-do-on-thap\/#primaryimage\"},\"image\":{\"@id\":\"https:\/\/swoer.vn\/manufacturer\/bo-cap-phoi-thang-rung-bang-thep-khong-gi-co-do-on-thap\/#primaryimage\"},\"thumbnailUrl\":\"https:\/\/swoer.vn\/wp-content\/uploads\/2025\/02\/Nha-san-xuat-pheu-rung-bac-thang.webp\",\"datePublished\":\"2025-02-24T07:18:52+00:00\",\"dateModified\":\"2025-02-24T07:34:57+00:00\",\"description\":\"B\u1ed9 c\u1ea5p ph\u00f4i thang rung th\u00e9p kh\u00f4ng g\u1ec9 ch\u1ea5t l\u01b0\u1ee3ng cao, Thi\u1ebft k\u1ebf b\u1ec1n b\u1ec9, ti\u1ebft ki\u1ec7m n\u0103ng l\u01b0\u1ee3ng - Gi\u1ea3i ph\u00e1p t\u1ed1i \u01b0u cho d\u00e2y chuy\u1ec1n s\u1ea3n xu\u1ea5t t\u1ef1 \u0111\u1ed9ng. Click xem ngay!\",\"breadcrumb\":{\"@id\":\"https:\/\/swoer.vn\/manufacturer\/bo-cap-phoi-thang-rung-bang-thep-khong-gi-co-do-on-thap\/#breadcrumb\"},\"inLanguage\":\"en-US\",\"potentialAction\":[{\"@type\":\"ReadAction\",\"target\":[\"https:\/\/swoer.vn\/manufacturer\/bo-cap-phoi-thang-rung-bang-thep-khong-gi-co-do-on-thap\/\"]}]},{\"@type\":\"ImageObject\",\"inLanguage\":\"en-US\",\"@id\":\"https:\/\/swoer.vn\/manufacturer\/bo-cap-phoi-thang-rung-bang-thep-khong-gi-co-do-on-thap\/#primaryimage\",\"url\":\"https:\/\/swoer.vn\/wp-content\/uploads\/2025\/02\/Nha-san-xuat-pheu-rung-bac-thang.webp\",\"contentUrl\":\"https:\/\/swoer.vn\/wp-content\/uploads\/2025\/02\/Nha-san-xuat-pheu-rung-bac-thang.webp\",\"width\":1000,\"height\":1000,\"caption\":\"Nh\u00e0 s\u1ea3n xu\u1ea5t ph\u1ec5u rung b\u1eadc thang\"},{\"@type\":\"BreadcrumbList\",\"@id\":\"https:\/\/swoer.vn\/manufacturer\/bo-cap-phoi-thang-rung-bang-thep-khong-gi-co-do-on-thap\/#breadcrumb\",\"itemListElement\":[{\"@type\":\"ListItem\",\"position\":1,\"name\":\"Home\",\"item\":\"https:\/\/swoer.vn\/\"},{\"@type\":\"ListItem\",\"position\":2,\"name\":\"S\u1ea3n ph\u1ea9m\",\"item\":\"https:\/\/swoer.vn\/shop\/\"},{\"@type\":\"ListItem\",\"position\":3,\"name\":\"B\u1ed9 c\u1ea5p ph\u00f4i thang rung b\u1eb1ng th\u00e9p kh\u00f4ng g\u1ec9 c\u00f3 \u0111\u1ed9 \u1ed3n th\u1ea5p\"}]},{\"@type\":\"WebSite\",\"@id\":\"https:\/\/swoer.vn\/#website\",\"url\":\"https:\/\/swoer.vn\/\",\"name\":\"Nh\u00e0 s\u1ea3n xu\u1ea5t m\u00e1y c\u1ea5p li\u1ec7u c\u00f4ng nghi\u1ec7p\",\"description\":\"Nh\u00e0 cung c\u1ea5p robot, m\u00e1y c\u1ea5p li\u1ec7u linh ho\u1ea1t, m\u00e1y c\u1ea5p li\u1ec7u ly t\u00e2m, m\u00e1y c\u1ea5p li\u1ec7u rung t\u1ef1 \u0111\u1ed9ng\",\"potentialAction\":[{\"@type\":\"SearchAction\",\"target\":{\"@type\":\"EntryPoint\",\"urlTemplate\":\"https:\/\/swoer.vn\/?s={search_term_string}\"},\"query-input\":{\"@type\":\"PropertyValueSpecification\",\"valueRequired\":true,\"valueName\":\"search_term_string\"}}],\"inLanguage\":\"en-US\"}]}<\/script>\n<!-- \/ Yoast SEO plugin. -->","yoast_head_json":{"title":"Low Noise Stainless Steel Vibrating Ladder Feeder - Industrial Feeder Manufacturer","description":"High quality stainless steel vibrating ladder feeder, Durable design, energy saving - Optimal solution for automatic production line. Click to see now!","robots":{"index":"index","follow":"follow","max-snippet":"max-snippet:-1","max-image-preview":"max-image-preview:large","max-video-preview":"max-video-preview:-1"},"canonical":"https:\/\/swoer.vn\/en\/manufacturer\/bo-cap-phoi-thang-rung-bang-thep-khong-gi-co-do-on-thap\/","og_locale":"en_US","og_type":"article","og_title":"B\u1ed9 c\u1ea5p ph\u00f4i thang rung b\u1eb1ng th\u00e9p kh\u00f4ng g\u1ec9 c\u00f3 \u0111\u1ed9 \u1ed3n th\u1ea5p - Nh\u00e0 s\u1ea3n xu\u1ea5t m\u00e1y c\u1ea5p li\u1ec7u c\u00f4ng nghi\u1ec7p","og_description":"B\u1ed9 c\u1ea5p ph\u00f4i thang rung th\u00e9p kh\u00f4ng g\u1ec9 ch\u1ea5t l\u01b0\u1ee3ng cao, Thi\u1ebft k\u1ebf b\u1ec1n b\u1ec9, ti\u1ebft ki\u1ec7m n\u0103ng l\u01b0\u1ee3ng - Gi\u1ea3i ph\u00e1p t\u1ed1i \u01b0u cho d\u00e2y chuy\u1ec1n s\u1ea3n xu\u1ea5t t\u1ef1 \u0111\u1ed9ng. Click xem ngay!","og_url":"https:\/\/swoer.vn\/en\/manufacturer\/bo-cap-phoi-thang-rung-bang-thep-khong-gi-co-do-on-thap\/","og_site_name":"Nh\u00e0 s\u1ea3n xu\u1ea5t m\u00e1y c\u1ea5p li\u1ec7u c\u00f4ng nghi\u1ec7p","article_modified_time":"2025-02-24T07:34:57+00:00","og_image":[{"width":1000,"height":1000,"url":"https:\/\/swoer.vn\/wp-content\/uploads\/2025\/02\/Nha-san-xuat-pheu-rung-bac-thang.webp","type":"image\/webp"}],"twitter_card":"summary_large_image","twitter_misc":{"Est. reading time":"2 minutes"},"schema":{"@context":"https:\/\/schema.org","@graph":[{"@type":"WebPage","@id":"https:\/\/swoer.vn\/manufacturer\/bo-cap-phoi-thang-rung-bang-thep-khong-gi-co-do-on-thap\/","url":"https:\/\/swoer.vn\/manufacturer\/bo-cap-phoi-thang-rung-bang-thep-khong-gi-co-do-on-thap\/","name":"Low Noise Stainless Steel Vibrating Ladder Feeder - Industrial Feeder Manufacturer","isPartOf":{"@id":"https:\/\/swoer.vn\/#website"},"primaryImageOfPage":{"@id":"https:\/\/swoer.vn\/manufacturer\/bo-cap-phoi-thang-rung-bang-thep-khong-gi-co-do-on-thap\/#primaryimage"},"image":{"@id":"https:\/\/swoer.vn\/manufacturer\/bo-cap-phoi-thang-rung-bang-thep-khong-gi-co-do-on-thap\/#primaryimage"},"thumbnailUrl":"https:\/\/swoer.vn\/wp-content\/uploads\/2025\/02\/Nha-san-xuat-pheu-rung-bac-thang.webp","datePublished":"2025-02-24T07:18:52+00:00","dateModified":"2025-02-24T07:34:57+00:00","description":"High quality stainless steel vibrating ladder feeder, Durable design, energy saving - Optimal solution for automatic production line. Click to see now!","breadcrumb":{"@id":"https:\/\/swoer.vn\/manufacturer\/bo-cap-phoi-thang-rung-bang-thep-khong-gi-co-do-on-thap\/#breadcrumb"},"inLanguage":"en-US","potentialAction":[{"@type":"ReadAction","target":["https:\/\/swoer.vn\/manufacturer\/bo-cap-phoi-thang-rung-bang-thep-khong-gi-co-do-on-thap\/"]}]},{"@type":"ImageObject","inLanguage":"en-US","@id":"https:\/\/swoer.vn\/manufacturer\/bo-cap-phoi-thang-rung-bang-thep-khong-gi-co-do-on-thap\/#primaryimage","url":"https:\/\/swoer.vn\/wp-content\/uploads\/2025\/02\/Nha-san-xuat-pheu-rung-bac-thang.webp","contentUrl":"https:\/\/swoer.vn\/wp-content\/uploads\/2025\/02\/Nha-san-xuat-pheu-rung-bac-thang.webp","width":1000,"height":1000,"caption":"Nh\u00e0 s\u1ea3n xu\u1ea5t ph\u1ec5u rung b\u1eadc thang"},{"@type":"BreadcrumbList","@id":"https:\/\/swoer.vn\/manufacturer\/bo-cap-phoi-thang-rung-bang-thep-khong-gi-co-do-on-thap\/#breadcrumb","itemListElement":[{"@type":"ListItem","position":1,"name":"Home","item":"https:\/\/swoer.vn\/"},{"@type":"ListItem","position":2,"name":"S\u1ea3n ph\u1ea9m","item":"https:\/\/swoer.vn\/shop\/"},{"@type":"ListItem","position":3,"name":"B\u1ed9 c\u1ea5p ph\u00f4i thang rung b\u1eb1ng th\u00e9p kh\u00f4ng g\u1ec9 c\u00f3 \u0111\u1ed9 \u1ed3n th\u1ea5p"}]},{"@type":"WebSite","@id":"https:\/\/swoer.vn\/#website","url":"https:\/\/swoer.vn\/","name":"Industrial Feeder Manufacturer","description":"Supplier of robot, flexible feeder, centrifugal feeder, automatic vibrating feeder","potentialAction":[{"@type":"SearchAction","target":{"@type":"EntryPoint","urlTemplate":"https:\/\/swoer.vn\/?s={search_term_string}"},"query-input":{"@type":"PropertyValueSpecification","valueRequired":true,"valueName":"search_term_string"}}],"inLanguage":"en-US"}]}},"_links":{"self":[{"href":"https:\/\/swoer.vn\/en\/wp-json\/wp\/v2\/product\/1776","targetHints":{"allow":["GET"]}}],"collection":[{"href":"https:\/\/swoer.vn\/en\/wp-json\/wp\/v2\/product"}],"about":[{"href":"https:\/\/swoer.vn\/en\/wp-json\/wp\/v2\/types\/product"}],"replies":[{"embeddable":true,"href":"https:\/\/swoer.vn\/en\/wp-json\/wp\/v2\/comments?post=1776"}],"wp:featuredmedia":[{"embeddable":true,"href":"https:\/\/swoer.vn\/en\/wp-json\/wp\/v2\/media\/1777"}],"wp:attachment":[{"href":"https:\/\/swoer.vn\/en\/wp-json\/wp\/v2\/media?parent=1776"}],"wp:term":[{"taxonomy":"product_brand","embeddable":true,"href":"https:\/\/swoer.vn\/en\/wp-json\/wp\/v2\/product_brand?post=1776"},{"taxonomy":"product_cat","embeddable":true,"href":"https:\/\/swoer.vn\/en\/wp-json\/wp\/v2\/product_cat?post=1776"},{"taxonomy":"product_tag","embeddable":true,"href":"https:\/\/swoer.vn\/en\/wp-json\/wp\/v2\/product_tag?post=1776"}],"curies":[{"name":"wp","href":"https:\/\/api.w.org\/{rel}","templated":true}]}}