{"id":1765,"date":"2025-02-24T13:20:16","date_gmt":"2025-02-24T06:20:16","guid":{"rendered":"https:\/\/swoer.vn\/?post_type=product&#038;p=1765"},"modified":"2025-02-24T14:50:48","modified_gmt":"2025-02-24T07:50:48","slug":"bo-cap-phoi-tu-dong-bang-tai-thang-may-pheu","status":"publish","type":"product","link":"https:\/\/swoer.vn\/en\/manufacturer\/bo-cap-phoi-tu-dong-bang-tai-thang-may-pheu\/","title":{"rendered":"Hopper Elevator Conveyor Automatic Feeder"},"content":{"rendered":"<p>Experience seamless material handling efficiency with our advanced hopper lift conveyor automation solution. Designed for reliability and precision, our systems optimize workflow by seamlessly transferring materials between different stages of production. Engineered with advanced pneumatic technology, the system ensures smooth and efficient vertical movement, improving productivity while minimizing downtime. Trust our expertise to streamline your operations and enhance your production capacity.<\/p>\n\t<div id=\"gap-361696843\" class=\"gap-element clearfix\" style=\"display:block; height:auto;\">\n\t\t\n<style>\n#gap-361696843 {\n  padding-top: 30px;\n}\n<\/style>\n\t<\/div>\n\t\n<h2><strong>Product information:<\/strong><\/h2>\n<table style=\"border-collapse: collapse; width: 735.77pt;\" border=\"0\" width=\"981\" cellspacing=\"0\" cellpadding=\"0\">\n<tbody>\n<tr style=\"height: 23.25pt;\">\n<td class=\"et2\" style=\"height: 23.25pt; width: 220.65pt;\" width=\"294\" height=\"31\">Product Name<\/td>\n<td class=\"et3\" style=\"width: 515.30pt;\" width=\"687\">Hopper Elevator Conveyor Automatic Feeder<\/td>\n<\/tr>\n<tr style=\"height: 23.25pt;\">\n<td class=\"et4\" style=\"height: 23.25pt; width: 220.65pt;\" width=\"294\" height=\"31\">Brand name<\/td>\n<td class=\"et3\" style=\"width: 515.30pt;\" width=\"687\">SWOER<\/td>\n<\/tr>\n<tr style=\"height: 46.50pt;\">\n<td class=\"et4\" style=\"height: 46.50pt; width: 220.65pt;\" width=\"294\" height=\"62\">Dimensions (length*width*height)<\/td>\n<td class=\"et3\" style=\"width: 515.30pt;\" width=\"687\">2200*1000*1500mm<\/td>\n<\/tr>\n<tr style=\"height: 23.25pt;\">\n<td class=\"et2\" style=\"height: 23.25pt; width: 220.65pt;\" width=\"294\" height=\"31\">weight<\/td>\n<td class=\"et3\" style=\"width: 515.30pt;\" width=\"687\">120kg<\/td>\n<\/tr>\n<tr style=\"height: 23.25pt;\">\n<td class=\"et2\" style=\"height: 23.25pt; width: 220.65pt;\" width=\"294\" height=\"31\">color<\/td>\n<td class=\"et2\" style=\"width: 515.30pt;\" width=\"687\">according to customer requirements<\/td>\n<\/tr>\n<tr style=\"height: 23.25pt;\">\n<td class=\"et2\" style=\"height: 23.25pt; width: 220.65pt;\" width=\"294\" height=\"31\"><span class=\"font3\">Capacity(<\/span><span class=\"font1\">t\/h<\/span><span class=\"font3\">)<\/span><\/td>\n<td class=\"et3\" style=\"width: 515.30pt;\" width=\"687\">0.1-6t\/h<\/td>\n<\/tr>\n<tr style=\"height: 23.25pt;\">\n<td class=\"et2\" style=\"height: 23.25pt; width: 220.65pt;\" width=\"294\" height=\"31\">voltage<\/td>\n<td class=\"et3\" style=\"width: 515.30pt;\" width=\"687\">85-260V<\/td>\n<\/tr>\n<tr style=\"height: 23.25pt;\">\n<td class=\"et2\" style=\"height: 23.25pt; width: 220.65pt;\" width=\"294\" height=\"31\">Frequency of the device<\/td>\n<td class=\"et3\" style=\"width: 515.30pt;\" width=\"687\">40-400Hz<\/td>\n<\/tr>\n<tr style=\"height: 23.25pt;\">\n<td class=\"et2\" style=\"height: 23.25pt; width: 220.65pt;\" width=\"294\" height=\"31\">guarantee<\/td>\n<td class=\"et2\" style=\"width: 515.30pt;\" width=\"687\">one year<\/td>\n<\/tr>\n<tr style=\"height: 39.00pt;\">\n<td class=\"et2\" style=\"height: 39.00pt; width: 220.65pt;\" width=\"294\" height=\"52\">Minimum Order Quantity<\/td>\n<td class=\"et2\" style=\"width: 515.30pt;\" width=\"687\">1 set<\/td>\n<\/tr>\n<tr style=\"height: 23.25pt;\">\n<td class=\"et2\" style=\"height: 23.25pt; width: 220.65pt;\" width=\"294\" height=\"31\">Delivery time<\/td>\n<td class=\"et2\" style=\"width: 515.30pt;\" width=\"687\">7-10 days<\/td>\n<\/tr>\n<tr style=\"height: 23.25pt;\">\n<td class=\"et2\" style=\"height: 23.25pt; width: 220.65pt;\" width=\"294\" height=\"31\">7-10 days<\/td>\n<td class=\"et2\" style=\"width: 515.30pt;\" width=\"687\">Wooden box<\/td>\n<\/tr>\n<tr style=\"height: 23.25pt;\">\n<td class=\"et2\" style=\"height: 23.25pt; width: 220.65pt;\" width=\"294\" height=\"31\">Payment term<\/td>\n<td class=\"et2\" style=\"width: 515.30pt;\" width=\"687\">T\/T deposit 40%, and the remaining amount before delivery<\/td>\n<\/tr>\n<\/tbody>\n<\/table>","protected":false},"excerpt":{"rendered":"<p>Hopper lifting conveyor automatic feeder combines stable vibration technology to meet the precise feeding needs of industrial production. Flexible modular design (lifting conveyor, vibrating hopper machine), compatible with CNC production lines and metal presses. Advantages:<\/p>\n<ul>\n<li><strong>Fully automatic:<\/strong> Reduce 30% manual operation.<\/li>\n<li><strong>Smooth operation:<\/strong> Energy saving, noise &lt;65dB.<\/li>\n<li><strong>Durability:<\/strong> Corrosion resistant material, suitable for highly automated environments.<\/li>\n<\/ul>","protected":false},"featured_media":1766,"comment_status":"open","ping_status":"closed","template":"","meta":[],"product_brand":[],"product_cat":[37],"product_tag":[40,38,39],"class_list":{"0":"post-1765","1":"product","2":"type-product","3":"status-publish","4":"has-post-thumbnail","6":"product_cat-may-cap-lieu-dang-bac-thang","7":"product_tag-bang-tai-rung-bac-thang","8":"product_tag-bat-rung-bac-thang","9":"product_tag-may-cap-lieu-rung-bac-thang","11":"first","12":"instock","13":"shipping-taxable","14":"product-type-simple"},"yoast_head":"<!-- This site is optimized with the Yoast SEO plugin v26.0 - https:\/\/yoast.com\/wordpress\/plugins\/seo\/ -->\n<title>B\u1ed9 c\u1ea5p ph\u00f4i t\u1ef1 \u0111\u1ed9ng b\u0103ng t\u1ea3i thang m\u00e1y ph\u1ec5u - Nh\u00e0 s\u1ea3n xu\u1ea5t m\u00e1y c\u1ea5p li\u1ec7u c\u00f4ng nghi\u1ec7p<\/title>\n<meta name=\"description\" content=\"Gi\u1ea3i ph\u00e1p c\u1ea5p li\u1ec7u rung ch\u00ednh x\u00e1c, t\u1ef1 \u0111\u1ed9ng h\u00f3a 100%. Ti\u1ebft ki\u1ec7m 30% chi ph\u00ed, v\u1eadn h\u00e0nh \u00eam \u00e1i. \u1ee8ng d\u1ee5ng ngay cho d\u00e2y chuy\u1ec1n s\u1ea3n xu\u1ea5t \u00f4 t\u00f4, \u0111i\u1ec7n t\u1eed!\" \/>\n<meta name=\"robots\" content=\"index, follow, max-snippet:-1, max-image-preview:large, max-video-preview:-1\" \/>\n<link rel=\"canonical\" href=\"https:\/\/swoer.vn\/en\/manufacturer\/bo-cap-phoi-tu-dong-bang-tai-thang-may-pheu\/\" \/>\n<meta property=\"og:locale\" content=\"en_US\" \/>\n<meta property=\"og:type\" content=\"article\" \/>\n<meta property=\"og:title\" content=\"B\u1ed9 c\u1ea5p ph\u00f4i t\u1ef1 \u0111\u1ed9ng b\u0103ng t\u1ea3i thang m\u00e1y ph\u1ec5u - Nh\u00e0 s\u1ea3n xu\u1ea5t m\u00e1y c\u1ea5p li\u1ec7u c\u00f4ng nghi\u1ec7p\" \/>\n<meta property=\"og:description\" content=\"Gi\u1ea3i ph\u00e1p c\u1ea5p li\u1ec7u rung ch\u00ednh x\u00e1c, t\u1ef1 \u0111\u1ed9ng h\u00f3a 100%. Ti\u1ebft ki\u1ec7m 30% chi ph\u00ed, v\u1eadn h\u00e0nh \u00eam \u00e1i. \u1ee8ng d\u1ee5ng ngay cho d\u00e2y chuy\u1ec1n s\u1ea3n xu\u1ea5t \u00f4 t\u00f4, \u0111i\u1ec7n t\u1eed!\" \/>\n<meta property=\"og:url\" content=\"https:\/\/swoer.vn\/en\/manufacturer\/bo-cap-phoi-tu-dong-bang-tai-thang-may-pheu\/\" \/>\n<meta property=\"og:site_name\" content=\"Nh\u00e0 s\u1ea3n xu\u1ea5t m\u00e1y c\u1ea5p li\u1ec7u c\u00f4ng nghi\u1ec7p\" \/>\n<meta property=\"article:modified_time\" content=\"2025-02-24T07:50:48+00:00\" \/>\n<meta property=\"og:image\" content=\"https:\/\/swoer.vn\/wp-content\/uploads\/2025\/02\/Bang-tai-rung-bac-thang.webp\" \/>\n\t<meta property=\"og:image:width\" content=\"1000\" \/>\n\t<meta property=\"og:image:height\" content=\"1000\" \/>\n\t<meta property=\"og:image:type\" content=\"image\/webp\" \/>\n<meta name=\"twitter:card\" content=\"summary_large_image\" \/>\n<meta name=\"twitter:label1\" content=\"Est. reading time\" \/>\n\t<meta name=\"twitter:data1\" content=\"2 minutes\" \/>\n<script type=\"application\/ld+json\" class=\"yoast-schema-graph\">{\"@context\":\"https:\/\/schema.org\",\"@graph\":[{\"@type\":\"WebPage\",\"@id\":\"https:\/\/swoer.vn\/manufacturer\/bo-cap-phoi-tu-dong-bang-tai-thang-may-pheu\/\",\"url\":\"https:\/\/swoer.vn\/manufacturer\/bo-cap-phoi-tu-dong-bang-tai-thang-may-pheu\/\",\"name\":\"B\u1ed9 c\u1ea5p ph\u00f4i t\u1ef1 \u0111\u1ed9ng b\u0103ng t\u1ea3i thang m\u00e1y ph\u1ec5u - Nh\u00e0 s\u1ea3n xu\u1ea5t m\u00e1y c\u1ea5p li\u1ec7u c\u00f4ng nghi\u1ec7p\",\"isPartOf\":{\"@id\":\"https:\/\/swoer.vn\/#website\"},\"primaryImageOfPage\":{\"@id\":\"https:\/\/swoer.vn\/manufacturer\/bo-cap-phoi-tu-dong-bang-tai-thang-may-pheu\/#primaryimage\"},\"image\":{\"@id\":\"https:\/\/swoer.vn\/manufacturer\/bo-cap-phoi-tu-dong-bang-tai-thang-may-pheu\/#primaryimage\"},\"thumbnailUrl\":\"https:\/\/swoer.vn\/wp-content\/uploads\/2025\/02\/Bang-tai-rung-bac-thang.webp\",\"datePublished\":\"2025-02-24T06:20:16+00:00\",\"dateModified\":\"2025-02-24T07:50:48+00:00\",\"description\":\"Gi\u1ea3i ph\u00e1p c\u1ea5p li\u1ec7u rung ch\u00ednh x\u00e1c, t\u1ef1 \u0111\u1ed9ng h\u00f3a 100%. Ti\u1ebft ki\u1ec7m 30% chi ph\u00ed, v\u1eadn h\u00e0nh \u00eam \u00e1i. \u1ee8ng d\u1ee5ng ngay cho d\u00e2y chuy\u1ec1n s\u1ea3n xu\u1ea5t \u00f4 t\u00f4, \u0111i\u1ec7n t\u1eed!\",\"breadcrumb\":{\"@id\":\"https:\/\/swoer.vn\/manufacturer\/bo-cap-phoi-tu-dong-bang-tai-thang-may-pheu\/#breadcrumb\"},\"inLanguage\":\"en-US\",\"potentialAction\":[{\"@type\":\"ReadAction\",\"target\":[\"https:\/\/swoer.vn\/manufacturer\/bo-cap-phoi-tu-dong-bang-tai-thang-may-pheu\/\"]}]},{\"@type\":\"ImageObject\",\"inLanguage\":\"en-US\",\"@id\":\"https:\/\/swoer.vn\/manufacturer\/bo-cap-phoi-tu-dong-bang-tai-thang-may-pheu\/#primaryimage\",\"url\":\"https:\/\/swoer.vn\/wp-content\/uploads\/2025\/02\/Bang-tai-rung-bac-thang.webp\",\"contentUrl\":\"https:\/\/swoer.vn\/wp-content\/uploads\/2025\/02\/Bang-tai-rung-bac-thang.webp\",\"width\":1000,\"height\":1000,\"caption\":\"B\u0103ng t\u1ea3i rung b\u1eadc thang\"},{\"@type\":\"BreadcrumbList\",\"@id\":\"https:\/\/swoer.vn\/manufacturer\/bo-cap-phoi-tu-dong-bang-tai-thang-may-pheu\/#breadcrumb\",\"itemListElement\":[{\"@type\":\"ListItem\",\"position\":1,\"name\":\"Home\",\"item\":\"https:\/\/swoer.vn\/\"},{\"@type\":\"ListItem\",\"position\":2,\"name\":\"S\u1ea3n ph\u1ea9m\",\"item\":\"https:\/\/swoer.vn\/shop\/\"},{\"@type\":\"ListItem\",\"position\":3,\"name\":\"B\u1ed9 c\u1ea5p ph\u00f4i t\u1ef1 \u0111\u1ed9ng b\u0103ng t\u1ea3i thang m\u00e1y ph\u1ec5u\"}]},{\"@type\":\"WebSite\",\"@id\":\"https:\/\/swoer.vn\/#website\",\"url\":\"https:\/\/swoer.vn\/\",\"name\":\"Nh\u00e0 s\u1ea3n xu\u1ea5t m\u00e1y c\u1ea5p li\u1ec7u c\u00f4ng nghi\u1ec7p\",\"description\":\"Nh\u00e0 cung c\u1ea5p robot, m\u00e1y c\u1ea5p li\u1ec7u linh ho\u1ea1t, m\u00e1y c\u1ea5p li\u1ec7u ly t\u00e2m, m\u00e1y c\u1ea5p li\u1ec7u rung t\u1ef1 \u0111\u1ed9ng\",\"potentialAction\":[{\"@type\":\"SearchAction\",\"target\":{\"@type\":\"EntryPoint\",\"urlTemplate\":\"https:\/\/swoer.vn\/?s={search_term_string}\"},\"query-input\":{\"@type\":\"PropertyValueSpecification\",\"valueRequired\":true,\"valueName\":\"search_term_string\"}}],\"inLanguage\":\"en-US\"}]}<\/script>\n<!-- \/ Yoast SEO plugin. -->","yoast_head_json":{"title":"Hopper Elevator Conveyor Automatic Feeder - Industrial Feeder Manufacturer","description":"100% automatic, precise vibrating feeding solution. 30% saves costs, operates smoothly. Apply now to automobile and electronics production lines!","robots":{"index":"index","follow":"follow","max-snippet":"max-snippet:-1","max-image-preview":"max-image-preview:large","max-video-preview":"max-video-preview:-1"},"canonical":"https:\/\/swoer.vn\/en\/manufacturer\/bo-cap-phoi-tu-dong-bang-tai-thang-may-pheu\/","og_locale":"en_US","og_type":"article","og_title":"B\u1ed9 c\u1ea5p ph\u00f4i t\u1ef1 \u0111\u1ed9ng b\u0103ng t\u1ea3i thang m\u00e1y ph\u1ec5u - Nh\u00e0 s\u1ea3n xu\u1ea5t m\u00e1y c\u1ea5p li\u1ec7u c\u00f4ng nghi\u1ec7p","og_description":"Gi\u1ea3i ph\u00e1p c\u1ea5p li\u1ec7u rung ch\u00ednh x\u00e1c, t\u1ef1 \u0111\u1ed9ng h\u00f3a 100%. Ti\u1ebft ki\u1ec7m 30% chi ph\u00ed, v\u1eadn h\u00e0nh \u00eam \u00e1i. \u1ee8ng d\u1ee5ng ngay cho d\u00e2y chuy\u1ec1n s\u1ea3n xu\u1ea5t \u00f4 t\u00f4, \u0111i\u1ec7n t\u1eed!","og_url":"https:\/\/swoer.vn\/en\/manufacturer\/bo-cap-phoi-tu-dong-bang-tai-thang-may-pheu\/","og_site_name":"Nh\u00e0 s\u1ea3n xu\u1ea5t m\u00e1y c\u1ea5p li\u1ec7u c\u00f4ng nghi\u1ec7p","article_modified_time":"2025-02-24T07:50:48+00:00","og_image":[{"width":1000,"height":1000,"url":"https:\/\/swoer.vn\/wp-content\/uploads\/2025\/02\/Bang-tai-rung-bac-thang.webp","type":"image\/webp"}],"twitter_card":"summary_large_image","twitter_misc":{"Est. reading time":"2 minutes"},"schema":{"@context":"https:\/\/schema.org","@graph":[{"@type":"WebPage","@id":"https:\/\/swoer.vn\/manufacturer\/bo-cap-phoi-tu-dong-bang-tai-thang-may-pheu\/","url":"https:\/\/swoer.vn\/manufacturer\/bo-cap-phoi-tu-dong-bang-tai-thang-may-pheu\/","name":"Hopper Elevator Conveyor Automatic Feeder - Industrial Feeder Manufacturer","isPartOf":{"@id":"https:\/\/swoer.vn\/#website"},"primaryImageOfPage":{"@id":"https:\/\/swoer.vn\/manufacturer\/bo-cap-phoi-tu-dong-bang-tai-thang-may-pheu\/#primaryimage"},"image":{"@id":"https:\/\/swoer.vn\/manufacturer\/bo-cap-phoi-tu-dong-bang-tai-thang-may-pheu\/#primaryimage"},"thumbnailUrl":"https:\/\/swoer.vn\/wp-content\/uploads\/2025\/02\/Bang-tai-rung-bac-thang.webp","datePublished":"2025-02-24T06:20:16+00:00","dateModified":"2025-02-24T07:50:48+00:00","description":"100% automatic, precise vibrating feeding solution. 30% saves costs, operates smoothly. Apply now to automobile and electronics production lines!","breadcrumb":{"@id":"https:\/\/swoer.vn\/manufacturer\/bo-cap-phoi-tu-dong-bang-tai-thang-may-pheu\/#breadcrumb"},"inLanguage":"en-US","potentialAction":[{"@type":"ReadAction","target":["https:\/\/swoer.vn\/manufacturer\/bo-cap-phoi-tu-dong-bang-tai-thang-may-pheu\/"]}]},{"@type":"ImageObject","inLanguage":"en-US","@id":"https:\/\/swoer.vn\/manufacturer\/bo-cap-phoi-tu-dong-bang-tai-thang-may-pheu\/#primaryimage","url":"https:\/\/swoer.vn\/wp-content\/uploads\/2025\/02\/Bang-tai-rung-bac-thang.webp","contentUrl":"https:\/\/swoer.vn\/wp-content\/uploads\/2025\/02\/Bang-tai-rung-bac-thang.webp","width":1000,"height":1000,"caption":"B\u0103ng t\u1ea3i rung b\u1eadc thang"},{"@type":"BreadcrumbList","@id":"https:\/\/swoer.vn\/manufacturer\/bo-cap-phoi-tu-dong-bang-tai-thang-may-pheu\/#breadcrumb","itemListElement":[{"@type":"ListItem","position":1,"name":"Home","item":"https:\/\/swoer.vn\/"},{"@type":"ListItem","position":2,"name":"S\u1ea3n ph\u1ea9m","item":"https:\/\/swoer.vn\/shop\/"},{"@type":"ListItem","position":3,"name":"B\u1ed9 c\u1ea5p ph\u00f4i t\u1ef1 \u0111\u1ed9ng b\u0103ng t\u1ea3i thang m\u00e1y ph\u1ec5u"}]},{"@type":"WebSite","@id":"https:\/\/swoer.vn\/#website","url":"https:\/\/swoer.vn\/","name":"Industrial Feeder Manufacturer","description":"Supplier of robot, flexible feeder, centrifugal feeder, automatic vibrating feeder","potentialAction":[{"@type":"SearchAction","target":{"@type":"EntryPoint","urlTemplate":"https:\/\/swoer.vn\/?s={search_term_string}"},"query-input":{"@type":"PropertyValueSpecification","valueRequired":true,"valueName":"search_term_string"}}],"inLanguage":"en-US"}]}},"_links":{"self":[{"href":"https:\/\/swoer.vn\/en\/wp-json\/wp\/v2\/product\/1765","targetHints":{"allow":["GET"]}}],"collection":[{"href":"https:\/\/swoer.vn\/en\/wp-json\/wp\/v2\/product"}],"about":[{"href":"https:\/\/swoer.vn\/en\/wp-json\/wp\/v2\/types\/product"}],"replies":[{"embeddable":true,"href":"https:\/\/swoer.vn\/en\/wp-json\/wp\/v2\/comments?post=1765"}],"wp:featuredmedia":[{"embeddable":true,"href":"https:\/\/swoer.vn\/en\/wp-json\/wp\/v2\/media\/1766"}],"wp:attachment":[{"href":"https:\/\/swoer.vn\/en\/wp-json\/wp\/v2\/media?parent=1765"}],"wp:term":[{"taxonomy":"product_brand","embeddable":true,"href":"https:\/\/swoer.vn\/en\/wp-json\/wp\/v2\/product_brand?post=1765"},{"taxonomy":"product_cat","embeddable":true,"href":"https:\/\/swoer.vn\/en\/wp-json\/wp\/v2\/product_cat?post=1765"},{"taxonomy":"product_tag","embeddable":true,"href":"https:\/\/swoer.vn\/en\/wp-json\/wp\/v2\/product_tag?post=1765"}],"curies":[{"name":"wp","href":"https:\/\/api.w.org\/{rel}","templated":true}]}}